{"id":3,"date":"2022-09-10T10:37:51","date_gmt":"2022-09-10T10:37:51","guid":{"rendered":"http:\/\/thepilatesstandard.com\/?page_id=3"},"modified":"2025-04-20T13:50:51","modified_gmt":"2025-04-20T11:50:51","slug":"terms-condition-privacy-policy","status":"publish","type":"page","link":"https:\/\/thepilatesstandard.com\/de\/terms-condition-privacy-policy\/","title":{"rendered":"Allgemeine Gesch\u00e4ftsbedingungen \/ Datenschutzbestimmungen"},"content":{"rendered":"<p>[et_pb_section fb_built=&#8221;1&#8243; admin_label=&#8221;section&#8221; _builder_version=&#8221;4.16&#8243; global_colors_info=&#8221;{}&#8221;][et_pb_row admin_label=&#8221;row&#8221; _builder_version=&#8221;4.16&#8243; background_size=&#8221;initial&#8221; background_position=&#8221;top_left&#8221; background_repeat=&#8221;repeat&#8221; global_colors_info=&#8221;{}&#8221;][et_pb_column type=&#8221;4_4&#8243; _builder_version=&#8221;4.16&#8243; custom_padding=&#8221;|||&#8221; global_colors_info=&#8221;{}&#8221; custom_padding__hover=&#8221;|||&#8221;][et_pb_text admin_label=&#8221;Text&#8221; _builder_version=&#8221;4.27.4&#8243; background_size=&#8221;initial&#8221; background_position=&#8221;top_left&#8221; background_repeat=&#8221;repeat&#8221; hover_enabled=&#8221;0&#8243; global_colors_info=&#8221;{}&#8221; sticky_enabled=&#8221;0&#8243;]<\/p>\n<h1>Buchungsbedingungen - The Pilates Standard International AB<\/h1>\n<p><b>\u00a71 Allgemeine Bedingungen<\/b><\/p>\n<ol>\n<li><span style=\"font-size: 8pt;\">The Pilates Standard International AB (im Folgenden \"TPS\") bietet unter dem Namen The Pilates Standard Lehrerausbildungsprogramme und Fortbildungen (im Folgenden \"Programm\") an. Der Hauptsitz befindet sich in Helsingborg, Schweden.<\/span><\/li>\n<li><span style=\"font-size: 8pt;\">Wenn eine Zahlung f\u00fcr ein Programm geleistet wird, stimmen die Teilnehmer automatisch diesen Allgemeinen Gesch\u00e4ftsbedingungen zu.<\/span><\/li>\n<li><span style=\"font-size: 8pt;\">TPS beh\u00e4lt sich das Recht vor, jedes Programm bis zu einer Woche vor Programmbeginn zu stornieren, der Teilnehmer erh\u00e4lt dann eine vollst\u00e4ndige R\u00fcckerstattung seiner geleisteten Zahlungen.<\/span><\/li>\n<\/ol>\n<p>&nbsp;<\/p>\n<p><b>\u00a72 Annullierungen<\/b><\/p>\n<ol>\n<li><span style=\"font-size: 8pt;\">Bei einer schriftlichen Stornierung eines Comprehensive\/Matwork-Programms eine Woche vor Programmbeginn wird eine Verwaltungsgeb\u00fchr von 100 EUR erhoben.<\/span><\/li>\n<li><span style=\"font-size: 8pt;\">Erfolgt eine schriftliche Stornierung f\u00fcr ein Comprehensive\/Matwork-Programm weniger als eine Woche vor Programmbeginn, werden 25% der Gesamtgeb\u00fchr berechnet.<\/span><\/li>\n<li><span style=\"font-size: 8pt;\">Bei schriftlicher Stornierung eines Workshops eine Woche vor Beginn des Workshops wird der volle Betrag zur\u00fcckerstattet.<\/span><\/li>\n<li><span style=\"font-size: 8pt;\">Erfolgt die schriftliche Stornierung eines Workshops weniger als eine Woche vor Beginn, werden 50% der Gesamtgeb\u00fchr berechnet.<\/span><\/li>\n<li><span style=\"font-size: 8pt;\">Bei einer Stornierung nach Beginn des Programms wird keine R\u00fcckerstattung gew\u00e4hrt.<\/span><\/li>\n<li><span style=\"font-size: 8pt;\">Eine Umbuchung auf ein \u00e4hnliches TPS-Programm kann vor Programmbeginn kostenlos vorgenommen werden.<\/span><\/li>\n<li><span style=\"font-size: 8pt;\">Wenn der Teilnehmer aus Krankheitsgr\u00fcnden nicht teilnehmen kann (ein \u00e4rztliches Attest ist erforderlich), hat er die M\u00f6glichkeit, die Schulung in einem anderen Programm (innerhalb von 12 Monaten) zu absolvieren.<\/span><\/li>\n<\/ol>\n<p>&nbsp;<\/p>\n<p><b>\u00a73 Bescheinigung der Fertigstellung<\/b><\/p>\n<ol>\n<li><span style=\"font-size: 8pt;\">Nach bestandenem Abschlusstest erh\u00e4lt man ein The Pilates Standard-Zertifikat.<\/span><\/li>\n<li><span style=\"font-size: 8pt;\">Das Zertifikat muss alle zwei Jahre erneuert werden, um g\u00fcltig zu bleiben (weitere Informationen unter www.thepilatesstandard.eu).<\/span><\/li>\n<li><span style=\"font-size: 8pt;\">Ein Abschlusstest und ein Wiederholungstest sind in der Programmgeb\u00fchr enthalten, f\u00fcr den 3. Test werden 100 EUR berechnet (max. 3 Tests k\u00f6nnen pro Programm gemacht werden)<\/span><\/li>\n<li><span style=\"font-size: 8pt;\">Die maximale Frist f\u00fcr den Abschluss des umfassenden Programms ist auf 3 Jahre festgelegt. Wenn der Teilnehmer das Programm nicht innerhalb dieser Zeit abschlie\u00dft, muss er das Programm erneut beginnen (50%-Rabatt f\u00fcr das zweite Programm), um die Zertifizierung zu erhalten.<\/span><\/li>\n<li><span style=\"font-size: 8pt;\">Zertifizierte Matwork- oder Comprehensive-Lehrer d\u00fcrfen im Namen von The Pilates Standard Klienten in klassischem Pilates auf ihrem zertifizierten Niveau unterrichten.<\/span><\/li>\n<li><span style=\"font-size: 8pt;\">Zertifizierte Ausbilder sind<span>\u00a0<\/span><\/span><b style=\"font-size: 8pt;\">nicht berechtigt<\/b><span style=\"font-size: 8pt;\"><span>\u00a0<\/span>andere zu Lehrertrainern auszubilden.<\/span><\/li>\n<\/ol>\n<p>&nbsp;<\/p>\n<p><b>\u00a74 Gesundheitszustand usw.<\/b><\/p>\n<ol>\n<li><span style=\"font-size: 8pt;\">Der Teilnehmer best\u00e4tigt, dass er\/sie \u00fcber eine ausreichende geistige und k\u00f6rperliche Gesundheit verf\u00fcgt, um an diesem anstrengenden Programm teilzunehmen.<\/span><\/li>\n<li><span style=\"font-size: 8pt;\">Der Teilnehmer nimmt auf eigenes Risiko am Programm teil und erkl\u00e4rt sich damit einverstanden, alle TPS-Mitarbeiter kollektiv von jeglicher Haftung freizustellen.<\/span><\/li>\n<\/ol>\n<p>&nbsp;<\/p>\n<p><b>\u00a75 Materialien<\/b><\/p>\n<ol>\n<li><span style=\"font-size: 8pt;\">Copyright \u00a9 The Pilates Standard International AB, Logo, Markenzeichen usw. geh\u00f6ren TPS<\/span><\/li>\n<li><span style=\"font-size: 8pt;\">Das Kopieren und\/oder die Vervielf\u00e4ltigung des THE PILATES STANDARD Handbuchs ist strengstens untersagt. Inhalt, Text und Bilder sind Eigentum von THE PILATES STANDARD International AB.<\/span><\/li>\n<li><span style=\"font-size: 8pt;\">Ausbilder mit einem g\u00fcltigen Zertifikat sind berechtigt, das TPS-Logo auf ihrer Website zu verwenden.<\/span><\/li>\n<\/ol>\n<header class=\"entry-header\">\n<h1 class=\"title-post entry-title\">Datenschutzbestimmungen<\/h1>\n<\/header>\n<div class=\"entry-content\">\n<div id=\"pl-24779\" class=\"panel-layout\">\n<div id=\"pg-24779-0\" class=\"panel-grid panel-has-style\">\n<div class=\"panel-row-style panel-row-style-for-24779-0\" data-overlay=\"true\">\n<div id=\"pgc-24779-0-0\" class=\"panel-grid-cell\">\n<div id=\"panel-24779-0-0-0\" class=\"so-panel widget widget_sow-editor panel-first-child\" data-index=\"0\">\n<div class=\"so-widget-sow-editor so-widget-sow-editor-base\">\n<div class=\"siteorigin-widget-tinymce textwidget\">\n<p>Diese Datenschutzrichtlinie regelt die Art und Weise, in der\u00a0<span>Der Pilates-Standard International AB<\/span> sammelt, verwendet, pflegt und legt Informationen offen, die von Nutzern (jeweils ein \"Nutzer\") der Website https:\/\/thepilatesstandard.com (\"Website\") gesammelt wurden. Diese Datenschutzrichtlinie gilt f\u00fcr die Website und alle von The Pilates Standard International AB angebotenen Produkte und Dienstleistungen.<\/p>\n<p><strong>Informationen zur pers\u00f6nlichen Identifizierung<\/strong><\/p>\n<p>Wir k\u00f6nnen pers\u00f6nliche Identifikationsdaten von Nutzern auf verschiedene Weise sammeln, unter anderem, wenn Nutzer unsere Website besuchen, sich auf der Website registrieren, eine Bestellung aufgeben, ein Formular ausf\u00fcllen und in Verbindung mit anderen Aktivit\u00e4ten, Dienstleistungen, Funktionen oder Ressourcen, die wir auf unserer Website zur Verf\u00fcgung stellen. Die Benutzer werden gegebenenfalls nach Name, E-Mail-Adresse, Postanschrift und Telefonnummer gefragt. Die Benutzer k\u00f6nnen unsere Website jedoch auch anonym besuchen. Wir sammeln pers\u00f6nliche Identifikationsdaten von Benutzern nur dann, wenn sie uns solche Informationen freiwillig zur Verf\u00fcgung stellen. Die Benutzer k\u00f6nnen die Angabe von pers\u00f6nlichen Daten jederzeit verweigern, es sei denn, dies kann sie daran hindern, an bestimmten Aktivit\u00e4ten auf der Website teilzunehmen.<\/p>\n<p><strong>Nicht-personenbezogene Identifikationsdaten<\/strong><\/p>\n<p>Wir k\u00f6nnen nicht-personenbezogene Daten zur Identifizierung von Benutzern sammeln, wenn diese mit unserer Website interagieren. Zu den nicht personenbezogenen Daten geh\u00f6ren der Name des Browsers, die Art des Computers und technische Informationen \u00fcber die Art der Verbindung des Nutzers zu unserer Website, wie z. B. das Betriebssystem, der verwendete Internetdienstanbieter und andere \u00e4hnliche Informationen.<\/p>\n<p><strong>Webbrowser-Cookies<\/strong><\/p>\n<p>Unsere Website kann \"Cookies\" verwenden, um die Benutzererfahrung zu verbessern. Der Webbrowser des Benutzers platziert Cookies auf seiner Festplatte, um Daten zu speichern und manchmal auch, um Informationen \u00fcber den Benutzer zu verfolgen. Der Benutzer kann seinen Webbrowser so einstellen, dass er Cookies ablehnt oder Sie warnt, wenn Cookies gesendet werden. In diesem Fall kann es sein, dass einige Teile der Website nicht richtig funktionieren.<\/p>\n<p><strong>Wie wir gesammelte Informationen verwenden<\/strong><\/p>\n<p>The Pilates Standard International AB kann pers\u00f6nliche Daten der Benutzer f\u00fcr die folgenden Zwecke sammeln und verwenden:<br \/>\n- Um unsere Website zu betreiben und einzusetzen<br \/>\nWir ben\u00f6tigen Ihre Informationen, um den Inhalt der Website korrekt anzuzeigen.<br \/>\n- Verbesserung des Kundendienstes<br \/>\nDie von Ihnen zur Verf\u00fcgung gestellten Informationen helfen uns, Ihre Kundendienstanfragen und Support-Anforderungen effizienter zu beantworten.<br \/>\n- Personalisierung der Benutzererfahrung<br \/>\nWir k\u00f6nnen Informationen in der Gesamtheit verwenden, um zu verstehen, wie unsere Nutzer als Gruppe die auf unserer Website angebotenen Dienste und Ressourcen nutzen.<br \/>\n- Zur Verbesserung unserer Website<br \/>\nWir k\u00f6nnen Ihr Feedback nutzen, um unsere Produkte und Dienstleistungen zu verbessern.<br \/>\n- So verarbeiten Sie Zahlungen<br \/>\nWir k\u00f6nnen die Informationen, die die Nutzer bei der Aufgabe einer Bestellung angeben, nur dazu verwenden, um die Dienstleistung f\u00fcr diese Bestellung zu erbringen. Wir geben diese Informationen nicht an Dritte weiter, es sei denn, dies ist f\u00fcr die Erbringung der Dienstleistung erforderlich.<br \/>\n- Um eine Werbeaktion, einen Wettbewerb, eine Umfrage oder eine andere Funktion der Website durchzuf\u00fchren<br \/>\nUm den Nutzern Informationen \u00fcber Themen zu senden, die f\u00fcr sie von Interesse sein k\u00f6nnten.<br \/>\n- So senden Sie regelm\u00e4\u00dfig E-Mails<br \/>\nWir k\u00f6nnen die E-Mail-Adresse verwenden, um dem Benutzer Informationen und Aktualisierungen in Bezug auf seine Bestellung zu senden. Sie kann auch verwendet werden, um auf ihre Anfragen, Fragen und\/oder andere W\u00fcnsche zu antworten.<\/p>\n<p><strong>Wie wir Ihre Informationen sch\u00fctzen<\/strong><\/p>\n<p>Wir wenden angemessene Verfahren zur Datenerfassung, -speicherung und -verarbeitung sowie Sicherheitsma\u00dfnahmen an, um Ihre pers\u00f6nlichen Daten, Ihren Benutzernamen, Ihr Passwort, Ihre Transaktionsdaten und die auf unserer Website gespeicherten Daten vor unbefugtem Zugriff, Ver\u00e4nderung, Offenlegung oder Zerst\u00f6rung zu sch\u00fctzen.<\/p>\n<p><strong>Weitergabe Ihrer pers\u00f6nlichen Informationen<\/strong><\/p>\n<p>Wir verkaufen, tauschen oder vermieten die pers\u00f6nlichen Daten der Benutzer nicht an Dritte. Wir k\u00f6nnen allgemeine, zusammengefasste demografische Informationen, die nicht mit pers\u00f6nlichen Identifikationsdaten \u00fcber Besucher und Benutzer verkn\u00fcpft sind, zu den oben genannten Zwecken an unsere Gesch\u00e4ftspartner, vertrauensw\u00fcrdige Tochtergesellschaften und Werbekunden weitergeben. Wir k\u00f6nnen Drittanbieter beauftragen, uns beim Betrieb unseres Unternehmens und der Website zu unterst\u00fctzen oder Aktivit\u00e4ten in unserem Namen zu verwalten, wie z. B. den Versand von Newslettern oder Umfragen. Wir k\u00f6nnen Ihre Daten f\u00fcr diese begrenzten Zwecke an diese Dritten weitergeben, vorausgesetzt, Sie haben uns Ihre Zustimmung gegeben.<\/p>\n<p><strong>Elektronische Newsletters<\/strong><\/p>\n<p>Wenn der Nutzer sich f\u00fcr die Aufnahme in unsere Mailingliste entscheidet, erh\u00e4lt er E-Mails mit Unternehmensnachrichten, Aktualisierungen, Informationen zu Produkten oder Dienstleistungen usw. Wir k\u00f6nnen Drittanbieter beauftragen, uns beim Betrieb unseres Unternehmens und der Website zu unterst\u00fctzen oder Aktivit\u00e4ten in unserem Namen zu verwalten, wie z. B. den Versand von Newslettern oder Umfragen. Wir k\u00f6nnen Ihre Daten f\u00fcr diese begrenzten Zwecke an diese Dritten weitergeben, vorausgesetzt, Sie haben uns Ihre Zustimmung gegeben.<\/p>\n<p><strong>Websites von Dritten<\/strong><\/p>\n<p>Die Nutzer k\u00f6nnen auf unserer Website Werbung oder andere Inhalte finden, die zu den Websites und Dienstleistungen unserer Partner, Lieferanten, Werbetreibenden, Sponsoren, Lizenzgeber und anderer Dritter f\u00fchren. Wir haben keine Kontrolle \u00fcber den Inhalt oder die Links, die auf diesen Sites erscheinen, und sind nicht verantwortlich f\u00fcr die Praktiken, die auf Websites angewandt werden, die mit unserer Site verlinkt sind oder von ihr ausgehen. Dar\u00fcber hinaus k\u00f6nnen sich diese Websites oder Dienste, einschlie\u00dflich ihrer Inhalte und Links, st\u00e4ndig \u00e4ndern. Diese Websites und Dienste k\u00f6nnen ihre eigenen Datenschutzrichtlinien und Kundendienstrichtlinien haben. Das Surfen und die Interaktion auf anderen Websites, einschlie\u00dflich Websites, die einen Link zu unserer Website haben, unterliegen den eigenen Bedingungen und Richtlinien dieser Website.<\/p>\n<p><strong>\u00c4nderungen an dieser Datenschutzrichtlinie<\/strong><\/p>\n<p>Es liegt im Ermessen von Pilates Standard International AB, diese Datenschutzrichtlinie jederzeit zu aktualisieren. Wenn wir dies tun, werden wir eine Mitteilung auf der Hauptseite unserer Website ver\u00f6ffentlichen. Wir empfehlen unseren Nutzern, diese Seite regelm\u00e4\u00dfig auf \u00c4nderungen zu \u00fcberpr\u00fcfen, um dar\u00fcber informiert zu bleiben, wie wir die von uns erfassten pers\u00f6nlichen Daten sch\u00fctzen. Sie erkennen an und stimmen zu, dass es in Ihrer Verantwortung liegt, diese Datenschutzrichtlinie regelm\u00e4\u00dfig zu \u00fcberpr\u00fcfen und sich \u00fcber \u00c4nderungen zu informieren.<\/p>\n<p><strong>Ihre Zustimmung zu diesen Bedingungen<\/strong><\/p>\n<p>Durch die Nutzung dieser Website erkl\u00e4ren Sie Ihr Einverst\u00e4ndnis mit dieser Politik. Wenn Sie mit dieser Richtlinie nicht einverstanden sind, nutzen Sie unsere Website bitte nicht. Wenn Sie die Website nach der Ver\u00f6ffentlichung von \u00c4nderungen an dieser Richtlinie weiterhin nutzen, gilt dies als Zustimmung zu diesen \u00c4nderungen. Diese Datenschutzrichtlinie wurde mit dem Generator www.PrivacyPolicies.com erstellt.<\/p>\n<p><strong>Kontaktaufnahme mit uns<\/strong><\/p>\n<p>Wenn Sie Fragen zu dieser Datenschutzrichtlinie, zu den Praktiken dieser Website oder zu Ihrem Umgang mit dieser Website haben, wenden Sie sich bitte an uns, indem Sie unser Kontaktformular auf der Kontaktseite verwenden.<\/p>\n<\/div>\n<\/div>\n<\/div>\n<\/div>\n<\/div>\n<\/div>\n<\/div>\n<\/div>\n<p style=\"font-size: 8pt;\"><span style=\"font-size: 8pt;\">\u00a0<\/span><\/p>\n<p>[\/et_pb_text][\/et_pb_column][\/et_pb_row][\/et_pb_section]<\/p>","protected":false},"excerpt":{"rendered":"<p>Booking Terms and Conditions &#8211; The Pilates Standard International AB \u00a71 General conditions The Pilates Standard International AB (hereinafter \u201dTPS\u201d) is offering Teacher training programs and Continuing education (hereinafter \u201dProgram\u201d) in the name of The Pilates Standard. The head office is located in Helsingborg, Sweden. When a payment is made for a Program the participants [&hellip;]<\/p>","protected":false},"author":1,"featured_media":0,"parent":0,"menu_order":0,"comment_status":"closed","ping_status":"closed","template":"","meta":{"_et_pb_use_builder":"on","_et_pb_old_content":"<!-- wp:heading -->\n<h2>Who we are<\/h2>\n<!-- \/wp:heading -->\n\n<!-- wp:paragraph -->\n<p>Our website address is: https:\/\/thepilatesstandard.com.<\/p>\n<!-- \/wp:paragraph -->\n\n<!-- wp:heading -->\n<h2>Content<\/h2>\n<!-- \/wp:heading -->\n\n<!-- wp:paragraph -->\n<p>This is a privacy policy that explains how an organization uses personal data collected from users when they use their website. The following topics are covered:<\/p>\n<!-- \/wp:paragraph -->\n\n<!-- wp:paragraph -->\n<p>What data do we collect?<\/p>\n<!-- \/wp:paragraph -->\n\n<!-- wp:paragraph -->\n<p>How do we collect your data?<\/p>\n<!-- \/wp:paragraph -->\n\n<!-- wp:paragraph -->\n<p>How will we use your data?<\/p>\n<!-- \/wp:paragraph -->\n\n<!-- wp:paragraph -->\n<p>How do we store your data?<\/p>\n<!-- \/wp:paragraph -->\n\n<!-- wp:paragraph -->\n<p>Marketing<\/p>\n<!-- \/wp:paragraph -->\n\n<!-- wp:paragraph -->\n<p>What are your data protection rights?<\/p>\n<!-- \/wp:paragraph -->\n\n<!-- wp:paragraph -->\n<p>What are cookies?<\/p>\n<!-- \/wp:paragraph -->\n\n<!-- wp:paragraph -->\n<p>How do we use cookies?<\/p>\n<!-- \/wp:paragraph -->\n\n<!-- wp:paragraph -->\n<p>What types of cookies do we use?<\/p>\n<!-- \/wp:paragraph -->\n\n<!-- wp:paragraph -->\n<p>How to manage cookies<\/p>\n<!-- \/wp:paragraph -->\n\n<!-- wp:paragraph -->\n<p>Privacy policies from other websites<\/p>\n<!-- \/wp:paragraph -->\n\n<!-- wp:paragraph -->\n<p>Changes to our privacy policy<\/p>\n<!-- \/wp:paragraph -->\n\n<!-- wp:paragraph -->\n<p>How to contact us<\/p>\n<!-- \/wp:paragraph -->\n\n<!-- wp:paragraph -->\n<p><\/p>\n<!-- \/wp:paragraph -->\n\n<!-- wp:paragraph -->\n<p>The organization collects personal identification information such as name, email address, phone number, etc. Users provide most of the data collected directly, such as when registering online or ordering products or services, filling out a customer survey or providing feedback via email, or when using or viewing the website via browser cookies. The organization may also receive user data indirectly, such as when users voluntarily provide information through their marketing campaigns on social channels.<\/p>\n<!-- \/wp:paragraph -->\n\n<!-- wp:paragraph -->\n<p>The organization uses the collected data to manage orders and accounts, as well as to send emails with special offers about other products and services they think users may like. When processing an order, the organization may send the data to, and use the resulting information from, credit reference agencies to prevent fraudulent purchases.<\/p>\n<!-- \/wp:paragraph -->\n\n<!-- wp:paragraph -->\n<p>The organization stores user data securely in their email management system. Users can choose whether they want their information visible to other members on the platform. The organization will retain personal information for ten years if the user is no longer their customer. After this period, they will delete the data from all their systems and all previous communication.<\/p>\n<!-- \/wp:paragraph -->\n\n<!-- wp:paragraph -->\n<p>The organization may send users information about their products and services via email, which users can opt-out of at any time. Users also have the right to stop the organization from contacting them for marketing purposes. Users can contact the organization via email at office@thepilatesstandard.eu to exercise their data protection rights. These rights include the right to access, correct, delete, limit processing, object to processing, and data portability. Users have one month to receive a response to their request.<\/p>\n<!-- \/wp:paragraph -->\n\n<!-- wp:paragraph -->\n<p>If you want to exercise any of these rights, please contact us via our email: office@thepilatesstandard.eu.<\/p>\n<!-- \/wp:paragraph -->\n\n<!-- wp:heading -->\n<h2>Cookies<\/h2>\n<!-- \/wp:heading -->\n\n<!-- wp:paragraph -->\n<p>What are cookies?<\/p>\n<!-- \/wp:paragraph -->\n\n<!-- wp:paragraph -->\n<p>Cookies are text files placed on your computer to collect standard internet log information and visitor behavior information. When you visit our websites, we may collect information from you automatically through cookies or similar technology. For more information, please visit allaboutcookies.org.<\/p>\n<!-- \/wp:paragraph -->\n\n<!-- wp:paragraph -->\n<p>How do we use cookies?<\/p>\n<!-- \/wp:paragraph -->\n\n<!-- wp:paragraph -->\n<p>Our company uses cookies in various ways to enhance your experience on our website, including:<\/p>\n<!-- \/wp:paragraph -->\n\n<!-- wp:paragraph -->\n<p>Understanding how you use our website<\/p>\n<!-- \/wp:paragraph -->\n\n<!-- wp:paragraph -->\n<p>Sharing materials with you from third-party providers<\/p>\n<!-- \/wp:paragraph -->\n\n<!-- wp:paragraph -->\n<p>Tracking the usage of our website<\/p>\n<!-- \/wp:paragraph -->\n\n<!-- wp:paragraph -->\n<p>What types of cookies do we use?<\/p>\n<!-- \/wp:paragraph -->\n\n<!-- wp:paragraph -->\n<p>There are different types of cookies, but our website uses:<\/p>\n<!-- \/wp:paragraph -->\n\n<!-- wp:paragraph -->\n<p>Functionality - Our company uses these cookies so that we can recognize you on our website and remember your previously chosen settings. These may include the language you prefer and the location you are in. A mixture of first-party and third-party cookies is used.<\/p>\n<!-- \/wp:paragraph -->\n\n<!-- wp:paragraph -->\n<p>Advertising - Our company uses these cookies to collect information about your visit to our website, the content you viewed, the links you followed, and information about your browser, device, and your IP address. Our company sometimes shares certain limited aspects of this data with third parties for advertising purposes. We may also share online data collected through cookies with our advertising partners. This means that when you visit another website, you may be shown ads based on your browsing pattern on our website.<\/p>\n<!-- \/wp:paragraph -->\n\n<!-- wp:paragraph -->\n<p>How do you manage cookies?<\/p>\n<!-- \/wp:paragraph -->\n\n<!-- wp:paragraph -->\n<p>You can set your browser to not accept cookies, and the website above tells you how to remove cookies from your browser. However, in some cases, some of our website features may not function as a result.<\/p>\n<!-- \/wp:paragraph -->\n\n<!-- wp:heading -->\n<h2>Changes to our privacy policy<\/h2>\n<!-- \/wp:heading -->\n\n<!-- wp:paragraph -->\n<p>The Pilates Standard regularly reviews its privacy policy and publishes any updates on this webpage. This privacy policy was last updated on March 10, 2023.<\/p>\n<!-- \/wp:paragraph -->\n\n<!-- wp:paragraph -->\n<p>How to contact us<\/p>\n<!-- \/wp:paragraph -->\n\n<!-- wp:paragraph -->\n<p>If you have any questions about The Pilates Standard's privacy policy, the data we hold on you, or if you want to exercise any of your data protection rights, please do not hesitate to contact us.<\/p>\n<!-- \/wp:paragraph -->","_et_gb_content_width":"","_monsterinsights_skip_tracking":false,"_monsterinsights_sitenote_active":false,"_monsterinsights_sitenote_note":"","_monsterinsights_sitenote_category":0,"footnotes":""},"class_list":["post-3","page","type-page","status-publish","hentry"],"aioseo_notices":[],"publishpress_future_action":{"enabled":false,"date":"2026-04-23 20:47:23","action":"change-status","newStatus":"draft","terms":[],"taxonomy":"","extraData":[]},"publishpress_future_workflow_manual_trigger":{"enabledWorkflows":[]},"_links":{"self":[{"href":"https:\/\/thepilatesstandard.com\/de\/wp-json\/wp\/v2\/pages\/3","targetHints":{"allow":["GET"]}}],"collection":[{"href":"https:\/\/thepilatesstandard.com\/de\/wp-json\/wp\/v2\/pages"}],"about":[{"href":"https:\/\/thepilatesstandard.com\/de\/wp-json\/wp\/v2\/types\/page"}],"author":[{"embeddable":true,"href":"https:\/\/thepilatesstandard.com\/de\/wp-json\/wp\/v2\/users\/1"}],"replies":[{"embeddable":true,"href":"https:\/\/thepilatesstandard.com\/de\/wp-json\/wp\/v2\/comments?post=3"}],"version-history":[{"count":9,"href":"https:\/\/thepilatesstandard.com\/de\/wp-json\/wp\/v2\/pages\/3\/revisions"}],"predecessor-version":[{"id":1532,"href":"https:\/\/thepilatesstandard.com\/de\/wp-json\/wp\/v2\/pages\/3\/revisions\/1532"}],"wp:attachment":[{"href":"https:\/\/thepilatesstandard.com\/de\/wp-json\/wp\/v2\/media?parent=3"}],"curies":[{"name":"wp","href":"https:\/\/api.w.org\/{rel}","templated":true}]}}