{"id":3,"date":"2022-09-10T10:37:51","date_gmt":"2022-09-10T10:37:51","guid":{"rendered":"http:\/\/thepilatesstandard.com\/?page_id=3"},"modified":"2025-04-20T13:50:51","modified_gmt":"2025-04-20T11:50:51","slug":"terms-condition-privacy-policy","status":"publish","type":"page","link":"https:\/\/thepilatesstandard.com\/it\/terms-condition-privacy-policy\/","title":{"rendered":"Termini e condizioni \/ Informativa sulla privacy"},"content":{"rendered":"<p>[et_pb_section fb_built=&#8221;1&#8243; admin_label=&#8221;section&#8221; _builder_version=&#8221;4.16&#8243; global_colors_info=&#8221;{}&#8221;][et_pb_row admin_label=&#8221;row&#8221; _builder_version=&#8221;4.16&#8243; background_size=&#8221;initial&#8221; background_position=&#8221;top_left&#8221; background_repeat=&#8221;repeat&#8221; global_colors_info=&#8221;{}&#8221;][et_pb_column type=&#8221;4_4&#8243; _builder_version=&#8221;4.16&#8243; custom_padding=&#8221;|||&#8221; global_colors_info=&#8221;{}&#8221; custom_padding__hover=&#8221;|||&#8221;][et_pb_text admin_label=&#8221;Text&#8221; _builder_version=&#8221;4.27.4&#8243; background_size=&#8221;initial&#8221; background_position=&#8221;top_left&#8221; background_repeat=&#8221;repeat&#8221; hover_enabled=&#8221;0&#8243; global_colors_info=&#8221;{}&#8221; sticky_enabled=&#8221;0&#8243;]<\/p>\n<h1>Termini e condizioni di prenotazione - The Pilates Standard International AB<\/h1>\n<p><b>\u00a71 Condizioni generali<\/b><\/p>\n<ol>\n<li><span style=\"font-size: 8pt;\">The Pilates Standard International AB (di seguito \"TPS\") offre programmi di formazione per insegnanti e formazione continua (di seguito \"Programma\") a nome di The Pilates Standard. La sede centrale si trova a Helsingborg, Svezia.<\/span><\/li>\n<li><span style=\"font-size: 8pt;\">Quando viene effettuato un pagamento per un Programma, i partecipanti approvano automaticamente i presenti Termini e condizioni.<\/span><\/li>\n<li><span style=\"font-size: 8pt;\">TPS si riserva il diritto di cancellare qualsiasi programma fino a una settimana prima della data di inizio del programma; il partecipante ricever\u00e0 quindi un rimborso completo dei pagamenti effettuati.<\/span><\/li>\n<\/ol>\n<p>&nbsp;<\/p>\n<p><b>\u00a72 Cancellazioni<\/b><\/p>\n<ol>\n<li><span style=\"font-size: 8pt;\">Se una cancellazione scritta per un programma Comprehensive\/Matwork viene effettuata una settimana prima dell'inizio del programma, verr\u00e0 addebitata una tassa amministrativa di 100EUR.<\/span><\/li>\n<li><span style=\"font-size: 8pt;\">Se la cancellazione scritta di un programma Comprehensive\/Matwork avviene meno di una settimana prima dell'inizio del programma, verr\u00e0 addebitato il 25% della quota totale.<\/span><\/li>\n<li><span style=\"font-size: 8pt;\">Se la cancellazione di un workshop avviene per iscritto una settimana prima dell'inizio del workshop, il rimborso sar\u00e0 totale.<\/span><\/li>\n<li><span style=\"font-size: 8pt;\">Se la cancellazione scritta di un workshop avviene meno di una settimana prima dell'inizio del workshop, verr\u00e0 addebitato il 50% della quota totale.<\/span><\/li>\n<li><span style=\"font-size: 8pt;\">Non \u00e8 previsto alcun rimborso per le cancellazioni ricevute una volta iniziato il programma.<\/span><\/li>\n<li><span style=\"font-size: 8pt;\">La riprenotazione per un programma TPS simile pu\u00f2 essere effettuata gratuitamente prima dell'inizio del programma.<\/span><\/li>\n<li><span style=\"font-size: 8pt;\">Se il partecipante non pu\u00f2 partecipare a causa di una malattia (\u00e8 richiesto un certificato medico), ha la possibilit\u00e0 di seguire la formazione in un altro Programma (entro 12 mesi).<\/span><\/li>\n<\/ol>\n<p>&nbsp;<\/p>\n<p><b>\u00a73 Certificazione di completamento<\/b><\/p>\n<ol>\n<li><span style=\"font-size: 8pt;\">Dopo il superamento del test finale si riceve il certificato The Pilates Standard.<\/span><\/li>\n<li><span style=\"font-size: 8pt;\">Per essere valido, il certificato deve essere rinnovato ogni due anni (per maggiori informazioni, consultare il sito www.thepilatesstandard.eu).<\/span><\/li>\n<li><span style=\"font-size: 8pt;\">Un test finale e un retest sono inclusi nella quota di partecipazione al programma, mentre per il terzo test vengono addebitati 100EUR (possono essere effettuati al massimo 3 test per programma).<\/span><\/li>\n<li><span style=\"font-size: 8pt;\">Il tempo massimo per terminare il programma completo \u00e8 fissato a 3 anni. Se il partecipante non ha terminato il programma entro questo tempo, deve ricominciare il programma (sconto 50% del secondo programma) per poter ottenere la certificazione.<\/span><\/li>\n<li><span style=\"font-size: 8pt;\">Gli istruttori certificati Matwork o Comprehensive possono insegnare ai clienti il Pilates Classico a nome di The Pilates Standard al loro livello di certificazione.<\/span><\/li>\n<li><span style=\"font-size: 8pt;\">Istruttori certificati \u00e8<span>\u00a0<\/span><\/span><b style=\"font-size: 8pt;\">non ha diritto<\/b><span style=\"font-size: 8pt;\"><span>\u00a0<\/span>per insegnare ad altri a diventare formatori di insegnanti.<\/span><\/li>\n<\/ol>\n<p>&nbsp;<\/p>\n<p><b>\u00a74 Stato di salute, ecc.<\/b><\/p>\n<ol>\n<li><span style=\"font-size: 8pt;\">Il partecipante riconosce di avere una salute mentale e fisica sufficiente per partecipare a questo programma faticoso.<\/span><\/li>\n<li><span style=\"font-size: 8pt;\">Il partecipante partecipa al Programma a proprio rischio e pericolo e accetta di sollevare collettivamente tutti i dipendenti di TPS da qualsiasi responsabilit\u00e0.<\/span><\/li>\n<\/ol>\n<p>&nbsp;<\/p>\n<p><b>\u00a75 Materiali<\/b><\/p>\n<ol>\n<li><span style=\"font-size: 8pt;\">Copyright \u00a9 The Pilates Standard International AB, Logo, marchi ecc. appartengono a TPS<\/span><\/li>\n<li><span style=\"font-size: 8pt;\">\u00c8 severamente vietato copiare e\/o riprodurre il manuale THE PILATES STANDARD. Il contenuto, il testo e le immagini sono di propriet\u00e0 di THE PILATES STANDARD International AB.<\/span><\/li>\n<li><span style=\"font-size: 8pt;\">Gli istruttori con un certificato valido hanno il diritto di utilizzare il logo TPS sul loro sito web.<\/span><\/li>\n<\/ol>\n<header class=\"entry-header\">\n<h1 class=\"title-post entry-title\">Informativa sulla privacy<\/h1>\n<\/header>\n<div class=\"entry-content\">\n<div id=\"pl-24779\" class=\"panel-layout\">\n<div id=\"pg-24779-0\" class=\"panel-grid panel-has-style\">\n<div class=\"panel-row-style panel-row-style-for-24779-0\" data-overlay=\"true\">\n<div id=\"pgc-24779-0-0\" class=\"panel-grid-cell\">\n<div id=\"panel-24779-0-0-0\" class=\"so-panel widget widget_sow-editor panel-first-child\" data-index=\"0\">\n<div class=\"so-widget-sow-editor so-widget-sow-editor-base\">\n<div class=\"siteorigin-widget-tinymce textwidget\">\n<p>La presente Informativa sulla privacy disciplina il modo in cui\u00a0<span>Lo standard Pilates International AB<\/span> raccoglie, utilizza, conserva e divulga le informazioni raccolte dagli utenti (ciascuno, un \"Utente\") del sito web https:\/\/thepilatesstandard.com (\"Sito\"). Questa politica sulla privacy si applica al Sito e a tutti i prodotti e servizi offerti da The Pilates Standard International AB.<\/p>\n<p><strong>Informazioni di identificazione personale<\/strong><\/p>\n<p>Possiamo raccogliere informazioni di identificazione personale dagli utenti in vari modi, tra cui, a titolo esemplificativo, quando gli utenti visitano il nostro sito, si registrano sul sito, effettuano un ordine, compilano un modulo e in relazione ad altre attivit\u00e0, servizi, funzioni o risorse che rendiamo disponibili sul nostro sito. Agli utenti possono essere richiesti, a seconda dei casi, nome, indirizzo e-mail, indirizzo postale e numero di telefono. Gli utenti possono tuttavia visitare il nostro Sito in forma anonima. Raccoglieremo informazioni di identificazione personale dagli utenti solo se questi ci forniranno volontariamente tali informazioni. Gli utenti possono sempre rifiutarsi di fornire informazioni di identificazione personale, tranne che per il fatto che ci\u00f2 potrebbe impedire loro di partecipare a determinate attivit\u00e0 correlate al Sito.<\/p>\n<p><strong>Informazioni di identificazione non personali<\/strong><\/p>\n<p>Possiamo raccogliere informazioni di identificazione non personali sugli Utenti ogni volta che interagiscono con il nostro Sito. Le informazioni di identificazione non personale possono includere il nome del browser, il tipo di computer e le informazioni tecniche sui mezzi di connessione degli utenti al nostro Sito, come il sistema operativo e i fornitori di servizi Internet utilizzati e altre informazioni simili.<\/p>\n<p><strong>Cookie del browser web<\/strong><\/p>\n<p>Il nostro sito pu\u00f2 utilizzare i \"cookie\" per migliorare l'esperienza dell'utente. Il browser web dell'utente inserisce i cookie sul suo disco rigido per scopi di registrazione e, talvolta, per tracciare le informazioni che lo riguardano. L'utente pu\u00f2 scegliere di impostare il proprio browser web in modo da rifiutare i cookie o da essere avvisato dell'invio di cookie. In tal caso, alcune parti del Sito potrebbero non funzionare correttamente.<\/p>\n<p><strong>Come utilizziamo le informazioni raccolte<\/strong><\/p>\n<p>The Pilates Standard International AB pu\u00f2 raccogliere e utilizzare i dati personali degli Utenti per i seguenti scopi:<br \/>\n- Per gestire e far funzionare il nostro Sito<br \/>\nPotremmo aver bisogno delle vostre informazioni per visualizzare correttamente i contenuti del Sito.<br \/>\n- Migliorare il servizio clienti<br \/>\nLe informazioni fornite ci aiutano a rispondere in modo pi\u00f9 efficiente alle richieste di assistenza e supporto dei clienti.<br \/>\n- Per personalizzare l'esperienza dell'utente<br \/>\nPossiamo utilizzare le informazioni in forma aggregata per capire come i nostri utenti, come gruppo, utilizzano i servizi e le risorse fornite dal nostro Sito.<br \/>\n- Per migliorare il nostro sito<br \/>\nPossiamo utilizzare il feedback che ci fornite per migliorare i nostri prodotti e servizi.<br \/>\n- Per elaborare i pagamenti<br \/>\nPossiamo utilizzare le informazioni fornite dagli utenti al momento dell'inoltro di un ordine solo per fornire il servizio relativo all'ordine stesso. Non condividiamo queste informazioni con terzi se non nella misura necessaria a fornire il servizio.<br \/>\n- Per gestire una promozione, un concorso, un sondaggio o un'altra funzione del Sito<br \/>\nPer inviare agli utenti informazioni che hanno accettato di ricevere su argomenti che riteniamo possano essere di loro interesse.<br \/>\n- Per inviare e-mail periodiche<br \/>\nL'indirizzo e-mail pu\u00f2 essere utilizzato per inviare all'Utente informazioni e aggiornamenti relativi al suo ordine. Pu\u00f2 anche essere utilizzato per rispondere alle loro richieste, domande e\/o altro.<\/p>\n<p><strong>Come proteggiamo le vostre informazioni<\/strong><\/p>\n<p>Adottiamo appropriate pratiche di raccolta, archiviazione ed elaborazione dei dati e misure di sicurezza per proteggere dall'accesso non autorizzato, dall'alterazione, dalla divulgazione o dalla distruzione delle informazioni personali, del nome utente, della password, delle informazioni sulle transazioni e dei dati archiviati sul nostro Sito.<\/p>\n<p><strong>Condivisione delle informazioni personali<\/strong><\/p>\n<p>Non vendiamo, scambiamo o affittiamo a terzi le informazioni di identificazione personale degli utenti. Possiamo condividere informazioni demografiche generiche aggregate, non collegate ad alcuna informazione di identificazione personale relativa ai visitatori e agli utenti, con i nostri partner commerciali, affiliati di fiducia e inserzionisti per gli scopi sopra descritti. Possiamo utilizzare fornitori di servizi terzi per aiutarci a gestire la nostra attivit\u00e0 e il Sito o per amministrare attivit\u00e0 per nostro conto, come l'invio di newsletter o sondaggi. Possiamo condividere le informazioni dell'utente con queste terze parti per questi scopi limitati, a condizione che l'utente ci abbia dato il suo consenso.<\/p>\n<p><strong>Newsletter elettroniche<\/strong><\/p>\n<p>Se l'Utente decide di aderire alla nostra mailing list, ricever\u00e0 messaggi di posta elettronica che possono includere notizie sull'azienda, aggiornamenti, informazioni su prodotti o servizi correlati, ecc. Possiamo utilizzare fornitori di servizi terzi per aiutarci a gestire la nostra attivit\u00e0 e il Sito o per amministrare attivit\u00e0 per nostro conto, come l'invio di newsletter o sondaggi. Possiamo condividere le informazioni dell'utente con queste terze parti per questi scopi limitati, a condizione che l'utente ci abbia dato il suo consenso.<\/p>\n<p><strong>Siti web di terzi<\/strong><\/p>\n<p>Gli utenti possono trovare sul nostro Sito pubblicit\u00e0 o altri contenuti che rimandano ai siti e ai servizi dei nostri partner, fornitori, inserzionisti, sponsor, licenziatari e altre terze parti. Non controlliamo il contenuto o i link che appaiono su questi siti e non siamo responsabili delle pratiche utilizzate dai siti web collegati a o dal nostro Sito. Inoltre, questi siti o servizi, compresi i loro contenuti e link, possono essere in continua evoluzione. Tali siti e servizi possono avere proprie politiche sulla privacy e sul servizio clienti. La navigazione e l'interazione con qualsiasi altro sito web, compresi i siti web che hanno un link al nostro Sito, \u00e8 soggetta ai termini e alle politiche del sito stesso.<\/p>\n<p><strong>Modifiche alla presente informativa sulla privacy<\/strong><\/p>\n<p>The Pilates Standard International AB ha la facolt\u00e0 di aggiornare questa politica sulla privacy in qualsiasi momento. In tal caso, pubblicheremo una notifica sulla pagina principale del nostro sito. Incoraggiamo gli utenti a controllare frequentemente questa pagina per eventuali modifiche, in modo da rimanere informati su come stiamo contribuendo a proteggere le informazioni personali che raccogliamo. L'utente riconosce e accetta che \u00e8 sua responsabilit\u00e0 rivedere periodicamente la presente informativa sulla privacy e venire a conoscenza delle modifiche apportate.<\/p>\n<p><strong>L'accettazione delle presenti condizioni<\/strong><\/p>\n<p>L'utilizzo di questo Sito implica l'accettazione di questa politica. Se non si accettano le presenti norme, si prega di non utilizzare il Sito. L'uso continuato del Sito dopo la pubblicazione di modifiche a questa politica sar\u00e0 considerato come l'accettazione di tali modifiche. Questa informativa sulla privacy \u00e8 stata creata utilizzando il generatore www.PrivacyPolicies.com.<\/p>\n<p><strong>Contattateci<\/strong><\/p>\n<p>In caso di domande sulla presente Informativa sulla privacy, sulle pratiche di questo sito o sui vostri rapporti con questo sito, vi preghiamo di contattarci utilizzando il nostro modulo di contatto nella pagina dei contatti.<\/p>\n<\/div>\n<\/div>\n<\/div>\n<\/div>\n<\/div>\n<\/div>\n<\/div>\n<\/div>\n<p style=\"font-size: 8pt;\"><span style=\"font-size: 8pt;\">\u00a0<\/span><\/p>\n<p>[\/et_pb_text][\/et_pb_column][\/et_pb_row][\/et_pb_section]<\/p>","protected":false},"excerpt":{"rendered":"<p>Booking Terms and Conditions &#8211; The Pilates Standard International AB \u00a71 General conditions The Pilates Standard International AB (hereinafter \u201dTPS\u201d) is offering Teacher training programs and Continuing education (hereinafter \u201dProgram\u201d) in the name of The Pilates Standard. The head office is located in Helsingborg, Sweden. When a payment is made for a Program the participants [&hellip;]<\/p>","protected":false},"author":1,"featured_media":0,"parent":0,"menu_order":0,"comment_status":"closed","ping_status":"closed","template":"","meta":{"_et_pb_use_builder":"on","_et_pb_old_content":"<!-- wp:heading -->\n<h2>Who we are<\/h2>\n<!-- \/wp:heading -->\n\n<!-- wp:paragraph -->\n<p>Our website address is: https:\/\/thepilatesstandard.com.<\/p>\n<!-- \/wp:paragraph -->\n\n<!-- wp:heading -->\n<h2>Content<\/h2>\n<!-- \/wp:heading -->\n\n<!-- wp:paragraph -->\n<p>This is a privacy policy that explains how an organization uses personal data collected from users when they use their website. The following topics are covered:<\/p>\n<!-- \/wp:paragraph -->\n\n<!-- wp:paragraph -->\n<p>What data do we collect?<\/p>\n<!-- \/wp:paragraph -->\n\n<!-- wp:paragraph -->\n<p>How do we collect your data?<\/p>\n<!-- \/wp:paragraph -->\n\n<!-- wp:paragraph -->\n<p>How will we use your data?<\/p>\n<!-- \/wp:paragraph -->\n\n<!-- wp:paragraph -->\n<p>How do we store your data?<\/p>\n<!-- \/wp:paragraph -->\n\n<!-- wp:paragraph -->\n<p>Marketing<\/p>\n<!-- \/wp:paragraph -->\n\n<!-- wp:paragraph -->\n<p>What are your data protection rights?<\/p>\n<!-- \/wp:paragraph -->\n\n<!-- wp:paragraph -->\n<p>What are cookies?<\/p>\n<!-- \/wp:paragraph -->\n\n<!-- wp:paragraph -->\n<p>How do we use cookies?<\/p>\n<!-- \/wp:paragraph -->\n\n<!-- wp:paragraph -->\n<p>What types of cookies do we use?<\/p>\n<!-- \/wp:paragraph -->\n\n<!-- wp:paragraph -->\n<p>How to manage cookies<\/p>\n<!-- \/wp:paragraph -->\n\n<!-- wp:paragraph -->\n<p>Privacy policies from other websites<\/p>\n<!-- \/wp:paragraph -->\n\n<!-- wp:paragraph -->\n<p>Changes to our privacy policy<\/p>\n<!-- \/wp:paragraph -->\n\n<!-- wp:paragraph -->\n<p>How to contact us<\/p>\n<!-- \/wp:paragraph -->\n\n<!-- wp:paragraph -->\n<p><\/p>\n<!-- \/wp:paragraph -->\n\n<!-- wp:paragraph -->\n<p>The organization collects personal identification information such as name, email address, phone number, etc. Users provide most of the data collected directly, such as when registering online or ordering products or services, filling out a customer survey or providing feedback via email, or when using or viewing the website via browser cookies. The organization may also receive user data indirectly, such as when users voluntarily provide information through their marketing campaigns on social channels.<\/p>\n<!-- \/wp:paragraph -->\n\n<!-- wp:paragraph -->\n<p>The organization uses the collected data to manage orders and accounts, as well as to send emails with special offers about other products and services they think users may like. When processing an order, the organization may send the data to, and use the resulting information from, credit reference agencies to prevent fraudulent purchases.<\/p>\n<!-- \/wp:paragraph -->\n\n<!-- wp:paragraph -->\n<p>The organization stores user data securely in their email management system. Users can choose whether they want their information visible to other members on the platform. The organization will retain personal information for ten years if the user is no longer their customer. After this period, they will delete the data from all their systems and all previous communication.<\/p>\n<!-- \/wp:paragraph -->\n\n<!-- wp:paragraph -->\n<p>The organization may send users information about their products and services via email, which users can opt-out of at any time. Users also have the right to stop the organization from contacting them for marketing purposes. Users can contact the organization via email at office@thepilatesstandard.eu to exercise their data protection rights. These rights include the right to access, correct, delete, limit processing, object to processing, and data portability. Users have one month to receive a response to their request.<\/p>\n<!-- \/wp:paragraph -->\n\n<!-- wp:paragraph -->\n<p>If you want to exercise any of these rights, please contact us via our email: office@thepilatesstandard.eu.<\/p>\n<!-- \/wp:paragraph -->\n\n<!-- wp:heading -->\n<h2>Cookies<\/h2>\n<!-- \/wp:heading -->\n\n<!-- wp:paragraph -->\n<p>What are cookies?<\/p>\n<!-- \/wp:paragraph -->\n\n<!-- wp:paragraph -->\n<p>Cookies are text files placed on your computer to collect standard internet log information and visitor behavior information. When you visit our websites, we may collect information from you automatically through cookies or similar technology. For more information, please visit allaboutcookies.org.<\/p>\n<!-- \/wp:paragraph -->\n\n<!-- wp:paragraph -->\n<p>How do we use cookies?<\/p>\n<!-- \/wp:paragraph -->\n\n<!-- wp:paragraph -->\n<p>Our company uses cookies in various ways to enhance your experience on our website, including:<\/p>\n<!-- \/wp:paragraph -->\n\n<!-- wp:paragraph -->\n<p>Understanding how you use our website<\/p>\n<!-- \/wp:paragraph -->\n\n<!-- wp:paragraph -->\n<p>Sharing materials with you from third-party providers<\/p>\n<!-- \/wp:paragraph -->\n\n<!-- wp:paragraph -->\n<p>Tracking the usage of our website<\/p>\n<!-- \/wp:paragraph -->\n\n<!-- wp:paragraph -->\n<p>What types of cookies do we use?<\/p>\n<!-- \/wp:paragraph -->\n\n<!-- wp:paragraph -->\n<p>There are different types of cookies, but our website uses:<\/p>\n<!-- \/wp:paragraph -->\n\n<!-- wp:paragraph -->\n<p>Functionality - Our company uses these cookies so that we can recognize you on our website and remember your previously chosen settings. These may include the language you prefer and the location you are in. A mixture of first-party and third-party cookies is used.<\/p>\n<!-- \/wp:paragraph -->\n\n<!-- wp:paragraph -->\n<p>Advertising - Our company uses these cookies to collect information about your visit to our website, the content you viewed, the links you followed, and information about your browser, device, and your IP address. Our company sometimes shares certain limited aspects of this data with third parties for advertising purposes. We may also share online data collected through cookies with our advertising partners. This means that when you visit another website, you may be shown ads based on your browsing pattern on our website.<\/p>\n<!-- \/wp:paragraph -->\n\n<!-- wp:paragraph -->\n<p>How do you manage cookies?<\/p>\n<!-- \/wp:paragraph -->\n\n<!-- wp:paragraph -->\n<p>You can set your browser to not accept cookies, and the website above tells you how to remove cookies from your browser. However, in some cases, some of our website features may not function as a result.<\/p>\n<!-- \/wp:paragraph -->\n\n<!-- wp:heading -->\n<h2>Changes to our privacy policy<\/h2>\n<!-- \/wp:heading -->\n\n<!-- wp:paragraph -->\n<p>The Pilates Standard regularly reviews its privacy policy and publishes any updates on this webpage. This privacy policy was last updated on March 10, 2023.<\/p>\n<!-- \/wp:paragraph -->\n\n<!-- wp:paragraph -->\n<p>How to contact us<\/p>\n<!-- \/wp:paragraph -->\n\n<!-- wp:paragraph -->\n<p>If you have any questions about The Pilates Standard's privacy policy, the data we hold on you, or if you want to exercise any of your data protection rights, please do not hesitate to contact us.<\/p>\n<!-- \/wp:paragraph -->","_et_gb_content_width":"","_monsterinsights_skip_tracking":false,"_monsterinsights_sitenote_active":false,"_monsterinsights_sitenote_note":"","_monsterinsights_sitenote_category":0,"footnotes":""},"class_list":["post-3","page","type-page","status-publish","hentry"],"aioseo_notices":[],"publishpress_future_action":{"enabled":false,"date":"2026-04-24 10:50:37","action":"change-status","newStatus":"draft","terms":[],"taxonomy":"","extraData":[]},"publishpress_future_workflow_manual_trigger":{"enabledWorkflows":[]},"_links":{"self":[{"href":"https:\/\/thepilatesstandard.com\/it\/wp-json\/wp\/v2\/pages\/3","targetHints":{"allow":["GET"]}}],"collection":[{"href":"https:\/\/thepilatesstandard.com\/it\/wp-json\/wp\/v2\/pages"}],"about":[{"href":"https:\/\/thepilatesstandard.com\/it\/wp-json\/wp\/v2\/types\/page"}],"author":[{"embeddable":true,"href":"https:\/\/thepilatesstandard.com\/it\/wp-json\/wp\/v2\/users\/1"}],"replies":[{"embeddable":true,"href":"https:\/\/thepilatesstandard.com\/it\/wp-json\/wp\/v2\/comments?post=3"}],"version-history":[{"count":9,"href":"https:\/\/thepilatesstandard.com\/it\/wp-json\/wp\/v2\/pages\/3\/revisions"}],"predecessor-version":[{"id":1532,"href":"https:\/\/thepilatesstandard.com\/it\/wp-json\/wp\/v2\/pages\/3\/revisions\/1532"}],"wp:attachment":[{"href":"https:\/\/thepilatesstandard.com\/it\/wp-json\/wp\/v2\/media?parent=3"}],"curies":[{"name":"wp","href":"https:\/\/api.w.org\/{rel}","templated":true}]}}