{"id":3,"date":"2022-09-10T10:37:51","date_gmt":"2022-09-10T10:37:51","guid":{"rendered":"http:\/\/thepilatesstandard.com\/?page_id=3"},"modified":"2025-04-20T13:50:51","modified_gmt":"2025-04-20T11:50:51","slug":"terms-condition-privacy-policy","status":"publish","type":"page","link":"https:\/\/thepilatesstandard.com\/nl\/terms-condition-privacy-policy\/","title":{"rendered":"Algemene voorwaarden \/ Privacybeleid"},"content":{"rendered":"<p>[et_pb_section fb_built=&#8221;1&#8243; admin_label=&#8221;section&#8221; _builder_version=&#8221;4.16&#8243; global_colors_info=&#8221;{}&#8221;][et_pb_row admin_label=&#8221;row&#8221; _builder_version=&#8221;4.16&#8243; background_size=&#8221;initial&#8221; background_position=&#8221;top_left&#8221; background_repeat=&#8221;repeat&#8221; global_colors_info=&#8221;{}&#8221;][et_pb_column type=&#8221;4_4&#8243; _builder_version=&#8221;4.16&#8243; custom_padding=&#8221;|||&#8221; global_colors_info=&#8221;{}&#8221; custom_padding__hover=&#8221;|||&#8221;][et_pb_text admin_label=&#8221;Text&#8221; _builder_version=&#8221;4.27.4&#8243; background_size=&#8221;initial&#8221; background_position=&#8221;top_left&#8221; background_repeat=&#8221;repeat&#8221; hover_enabled=&#8221;0&#8243; global_colors_info=&#8221;{}&#8221; sticky_enabled=&#8221;0&#8243;]<\/p>\n<h1>Algemene voorwaarden - De Pilates Standard AB<\/h1>\n<p><b>\u00a71 Algemene voorwaarden<\/b><\/p>\n<ol>\n<li><span style=\"font-size: 8pt;\">The Pilates Standard International AB (hierna \"TPS\") biedt lerarenopleidingen en voortgezette opleidingen (hierna \"programma\") aan in naam van The Pilates Standard. Het hoofdkantoor is gevestigd in Helsingborg, Zweden.<\/span><\/li>\n<li><span style=\"font-size: 8pt;\">Wanneer een betaling wordt gedaan voor een programma, stemmen de deelnemers automatisch in met deze Algemene voorwaarden.<\/span><\/li>\n<li><span style=\"font-size: 8pt;\">TPS behoudt zich het recht voor om elk programma te annuleren tot een week voor de startdatum van het programma, de deelnemer krijgt dan het volledige bedrag van zijn betalingen terug.<\/span><\/li>\n<\/ol>\n<p>&nbsp;<\/p>\n<p><b>\u00a72 Annuleringen<\/b><\/p>\n<ol>\n<li><span style=\"font-size: 8pt;\">Als een schriftelijke annulering voor een Allesomvattend\/Matwerkprogramma \u00e9\u00e9n week voor aanvang van het programma plaatsvindt, worden 100 EUR administratiekosten in rekening gebracht.<\/span><\/li>\n<li><span style=\"font-size: 8pt;\">Als een schriftelijke annulering voor een Comprehensive\/Matwork programma minder dan een week voor aanvang van het programma plaatsvindt, wordt 25% van de totale kosten in rekening gebracht.<\/span><\/li>\n<li><span style=\"font-size: 8pt;\">Als een schriftelijke annulering voor een workshop \u00e9\u00e9n week voor aanvang van de workshop plaatsvindt, wordt het volledige bedrag gerestitueerd.<\/span><\/li>\n<li><span style=\"font-size: 8pt;\">Als een schriftelijke annulering voor een workshop minder dan een week voor aanvang van de workshop plaatsvindt, wordt 50% van het totale bedrag in rekening gebracht.<\/span><\/li>\n<li><span style=\"font-size: 8pt;\">Er wordt geen restitutie verleend voor annuleringen die worden ontvangen zodra het programma van start is gegaan.<\/span><\/li>\n<li><span style=\"font-size: 8pt;\">Omboeken naar een vergelijkbaar TPS-programma kan kosteloos voor aanvang van het programma.<\/span><\/li>\n<li><span style=\"font-size: 8pt;\">Als de deelnemer niet kan deelnemen vanwege ziekte (een medische verklaring is vereist) heeft de deelnemer de mogelijkheid om de training in een ander programma te volgen (binnen 12 maanden).<\/span><\/li>\n<\/ol>\n<p>&nbsp;<\/p>\n<p><b>\u00a73 Certificering van voltooiing<\/b><\/p>\n<ol>\n<li><span style=\"font-size: 8pt;\">Nadat de eindtest met goed gevolg is afgelegd, ontvang je een The Pilates Standard Certificaat.<\/span><\/li>\n<li><span style=\"font-size: 8pt;\">Het certificaat moet om de twee jaar worden verlengd om geldig te blijven (zie www.thepilatesstandard.eu voor meer informatie).<\/span><\/li>\n<li><span style=\"font-size: 8pt;\">E\u00e9n eindtest en \u00e9\u00e9n herkansing zijn inbegrepen in de programmakosten, voor de 3e test wordt 100 EUR in rekening gebracht (er kunnen maximaal 3 testen per programma worden gemaakt)<\/span><\/li>\n<li><span style=\"font-size: 8pt;\">De maximale tijd om het uitgebreide programma af te ronden is vastgesteld op 3 jaar. Als de deelnemer niet binnen deze tijd klaar is, moet hij het programma opnieuw starten (50% korting op het tweede programma) om gecertificeerd te worden.<\/span><\/li>\n<li><span style=\"font-size: 8pt;\">Gecertificeerde Matwork- of Comprehensive-instructeurs mogen in naam van The Pilates Standard op hun gecertificeerd niveau lesgeven aan klanten in Klassieke Pilates.<\/span><\/li>\n<li><span style=\"font-size: 8pt;\">Gecertificeerde instructeurs is<span>\u00a0<\/span><\/span><b style=\"font-size: 8pt;\">niet gerechtigd<\/b><span style=\"font-size: 8pt;\"><span>\u00a0<\/span>om anderen te leren om Teacher Trainers te worden.<\/span><\/li>\n<\/ol>\n<p>&nbsp;<\/p>\n<p><b>\u00a74 Gezondheidstoestand enz.<\/b><\/p>\n<ol>\n<li><span style=\"font-size: 8pt;\">De deelnemer erkent dat hij\/zij over voldoende geestelijke en lichamelijke gezondheid beschikt om deel te nemen aan dit inspannende programma.<\/span><\/li>\n<li><span style=\"font-size: 8pt;\">De deelnemer neemt deel aan het programma op eigen risico en gaat ermee akkoord alle TPS-medewerkers collectief te ontslaan van alle aansprakelijkheid.<\/span><\/li>\n<\/ol>\n<p>&nbsp;<\/p>\n<p><b>\u00a75 Materialen<\/b><\/p>\n<ol>\n<li><span style=\"font-size: 8pt;\">Copyright \u00a9 The Pilates Standard International AB, logo, handelsmerken enz. behoren toe aan TPS<\/span><\/li>\n<li><span style=\"font-size: 8pt;\">Het kopi\u00ebren en\/of reproduceren van de THE PILATES STANDARD handleiding is ten strengste verboden. Inhoud, tekst en afbeeldingen zijn eigendom van THE PILATES STANDARD International AB.<\/span><\/li>\n<li><span style=\"font-size: 8pt;\">Instructeurs met een geldig certificaat mogen het TPS-logo op hun website gebruiken.<\/span><\/li>\n<\/ol>\n<header class=\"entry-header\">\n<h1 class=\"title-post entry-title\">Privacybeleid<\/h1>\n<\/header>\n<div class=\"entry-content\">\n<div id=\"pl-24779\" class=\"panel-layout\">\n<div id=\"pg-24779-0\" class=\"panel-grid panel-has-style\">\n<div class=\"panel-row-style panel-row-style-for-24779-0\" data-overlay=\"true\">\n<div id=\"pgc-24779-0-0\" class=\"panel-grid-cell\">\n<div id=\"panel-24779-0-0-0\" class=\"so-panel widget widget_sow-editor panel-first-child\" data-index=\"0\">\n<div class=\"so-widget-sow-editor so-widget-sow-editor-base\">\n<div class=\"siteorigin-widget-tinymce textwidget\">\n<p>Dit privacybeleid regelt de manier waarop\u00a0<span>De Pilates Standaard AB<\/span> verzamelt, gebruikt, onderhoudt en onthult informatie verzameld van gebruikers (elk, een \"Gebruiker\") van de website https:\/\/thepilatesstandard.com (\"Site\"). Dit privacybeleid is van toepassing op de Site en alle producten en diensten die worden aangeboden door The Pilates Standard International AB.<\/p>\n<p><strong>Persoonlijke identificatiegegevens<\/strong><\/p>\n<p>We kunnen persoonlijke identificatiegegevens van gebruikers op verschillende manieren verzamelen, waaronder, maar niet beperkt tot, wanneer gebruikers onze site bezoeken, zich registreren op de site, een bestelling plaatsen, een formulier invullen en in verband met andere activiteiten, diensten, functies of bronnen die we op onze site beschikbaar stellen. Gebruikers kan worden gevraagd, voor zover van toepassing, naam, e-mailadres, postadres, telefoonnummer. Gebruikers kunnen onze Site echter anoniem bezoeken. Wij verzamelen alleen persoonlijke identificatie-informatie van gebruikers als zij deze informatie vrijwillig aan ons verstrekken. Gebruikers kunnen altijd weigeren om persoonlijke identificatie-informatie te verstrekken, behalve dat het hen kan verhinderen om deel te nemen aan bepaalde Site-gerelateerde activiteiten.<\/p>\n<p><strong>Niet-persoonlijke identificatiegegevens<\/strong><\/p>\n<p>Wij kunnen niet-persoonlijke identificatie-informatie verzamelen over gebruikers wanneer zij interactie hebben met onze Site. Niet-persoonlijke identificatie-informatie kan bestaan uit de naam van de browser, het type computer en technische informatie over de manier waarop gebruikers verbinding maken met onze Site, zoals het besturingssysteem en de gebruikte internetproviders en andere soortgelijke informatie.<\/p>\n<p><strong>Webbrowser cookies<\/strong><\/p>\n<p>Onze Site kan \"cookies\" gebruiken om de gebruikerservaring te verbeteren. De webbrowser van de gebruiker plaatst cookies op de harde schijf voor het bijhouden van gegevens en soms om informatie over de gebruiker bij te houden. Gebruiker kan ervoor kiezen om zijn webbrowser zo in te stellen dat cookies worden geweigerd of dat u wordt gewaarschuwd wanneer cookies worden verzonden. In dat geval is het mogelijk dat sommige delen van de Site niet goed functioneren.<\/p>\n<p><strong>Hoe we verzamelde informatie gebruiken<\/strong><\/p>\n<p>The Pilates Standard International AB kan persoonlijke informatie van gebruikers verzamelen en gebruiken voor de volgende doeleinden:<br \/>\n- Om onze Site te beheren en te exploiteren<br \/>\nHet is mogelijk dat we uw informatie nodig hebben om inhoud op de site correct weer te geven.<br \/>\n- Klantenservice verbeteren<br \/>\nMet de informatie die u ons geeft, kunnen we effici\u00ebnter reageren op uw verzoeken om klantenservice en ondersteuningsbehoeften.<br \/>\n- Gebruikerservaring personaliseren<br \/>\nWe kunnen samengevoegde informatie gebruiken om te begrijpen hoe onze gebruikers als groep de diensten en bronnen op onze Site gebruiken.<br \/>\n- Onze site verbeteren<br \/>\nWe kunnen uw feedback gebruiken om onze producten en diensten te verbeteren.<br \/>\n- Betalingen verwerken<br \/>\nWe kunnen de informatie die gebruikers over zichzelf verstrekken bij het plaatsen van een bestelling alleen gebruiken om service te verlenen voor die bestelling. We delen deze informatie niet met derden, behalve voor zover dit nodig is om de service te verlenen.<br \/>\n- Om een promotie, wedstrijd, enqu\u00eate of andere Site-functie uit te voeren<br \/>\nGebruikers informatie sturen over onderwerpen waarvan wij denken dat ze die interessant vinden.<br \/>\n- Periodieke e-mails versturen<br \/>\nWe kunnen het e-mailadres gebruiken om de gebruiker informatie en updates met betrekking tot hun bestelling te sturen. Het kan ook worden gebruikt om te reageren op vragen, verzoeken en\/of andere verzoeken.<\/p>\n<p><strong>Hoe we uw informatie beschermen<\/strong><\/p>\n<p>We hanteren de juiste praktijken voor het verzamelen, opslaan en verwerken van gegevens en we nemen veiligheidsmaatregelen om onbevoegde toegang, wijziging, openbaarmaking of vernietiging van uw persoonlijke gegevens, gebruikersnaam, wachtwoord, transactiegegevens en gegevens die op onze Site zijn opgeslagen, te voorkomen.<\/p>\n<p><strong>Het delen van uw persoonlijke gegevens<\/strong><\/p>\n<p>We verkopen, verhandelen of verhuren geen persoonlijke identificatiegegevens van gebruikers aan anderen. We kunnen algemene demografische informatie die niet is gekoppeld aan persoonlijke identificatiegegevens van bezoekers en gebruikers delen met onze zakelijke partners, vertrouwde partners en adverteerders voor de hierboven beschreven doeleinden. We kunnen gebruik maken van externe serviceproviders om ons te helpen bij de exploitatie van ons bedrijf en de Site of om activiteiten namens ons te beheren, zoals het versturen van nieuwsbrieven of enqu\u00eates. Wij kunnen uw informatie delen met deze derden voor deze beperkte doeleinden op voorwaarde dat u ons hiervoor toestemming hebt gegeven.<\/p>\n<p><strong>Elektronische nieuwsbrieven<\/strong><\/p>\n<p>Als de gebruiker besluit zich aan te melden voor onze mailinglijst, ontvangt hij e-mails met onder andere bedrijfsnieuws, updates en informatie over gerelateerde producten of diensten. We kunnen gebruik maken van externe dienstverleners om ons te helpen ons bedrijf en de site of het beheer van activiteiten namens ons, zoals het verzenden van nieuwsbrieven of enqu\u00eates. Wij kunnen uw informatie delen met deze derden voor deze beperkte doeleinden op voorwaarde dat u ons hiervoor toestemming hebt gegeven.<\/p>\n<p><strong>Websites van derden<\/strong><\/p>\n<p>Gebruikers kunnen advertenties of andere inhoud op onze Site aantreffen die linken naar de sites en diensten van onze partners, leveranciers, adverteerders, sponsors, licentiegevers en andere derden. Wij hebben geen controle over de inhoud of koppelingen die op deze sites staan en zijn niet verantwoordelijk voor de praktijken van websites die aan of van onze Site gekoppeld zijn. Bovendien kunnen deze sites of diensten, inclusief hun inhoud en koppelingen, voortdurend veranderen. Deze sites en diensten kunnen hun eigen privacybeleid en klantenservicebeleid hebben. Browsen en interactie op een andere website, met inbegrip van websites die een link naar onze Site hebben, is onderworpen aan de eigen voorwaarden en het eigen beleid van die website.<\/p>\n<p><strong>Wijzigingen in dit privacybeleid<\/strong><\/p>\n<p>The Pilates Standard International AB kan dit privacybeleid te allen tijde aanpassen. Wanneer we dat doen, zullen we een kennisgeving plaatsen op de hoofdpagina van onze Site. We raden gebruikers aan deze pagina regelmatig te controleren op eventuele wijzigingen om op de hoogte te blijven van de manier waarop we de persoonlijke informatie die we verzamelen helpen beschermen. U erkent en stemt ermee in dat het uw verantwoordelijkheid is om dit privacybeleid regelmatig te controleren en op de hoogte te blijven van wijzigingen.<\/p>\n<p><strong>Uw aanvaarding van deze voorwaarden<\/strong><\/p>\n<p>Door deze Site te gebruiken, geeft u aan dit beleid te accepteren. Als je niet akkoord gaat met dit beleid, maak dan geen gebruik van onze Site. Als u de Site blijft gebruiken nadat er wijzigingen in dit beleid zijn aangebracht, wordt u geacht deze wijzigingen te accepteren. Dit privacybeleid is opgesteld met behulp van de www.PrivacyPolicies.com generator.<\/p>\n<p><strong>Contact met ons opnemen<\/strong><\/p>\n<p>Als u vragen hebt over dit Privacybeleid, de praktijken van deze site of uw omgang met deze site, kunt u contact met ons opnemen via ons contactformulier op de contactpagina.<\/p>\n<\/div>\n<\/div>\n<\/div>\n<\/div>\n<\/div>\n<\/div>\n<\/div>\n<\/div>\n<p style=\"font-size: 8pt;\"><span style=\"font-size: 8pt;\">\u00a0<\/span><\/p>\n<p>[\/et_pb_text][\/et_pb_column][\/et_pb_row][\/et_pb_section]<\/p>","protected":false},"excerpt":{"rendered":"<p>Booking Terms and Conditions &#8211; The Pilates Standard International AB \u00a71 General conditions The Pilates Standard International AB (hereinafter \u201dTPS\u201d) is offering Teacher training programs and Continuing education (hereinafter \u201dProgram\u201d) in the name of The Pilates Standard. The head office is located in Helsingborg, Sweden. When a payment is made for a Program the participants [&hellip;]<\/p>","protected":false},"author":1,"featured_media":0,"parent":0,"menu_order":0,"comment_status":"closed","ping_status":"closed","template":"","meta":{"_et_pb_use_builder":"on","_et_pb_old_content":"<!-- wp:heading -->\n<h2>Who we are<\/h2>\n<!-- \/wp:heading -->\n\n<!-- wp:paragraph -->\n<p>Our website address is: https:\/\/thepilatesstandard.com.<\/p>\n<!-- \/wp:paragraph -->\n\n<!-- wp:heading -->\n<h2>Content<\/h2>\n<!-- \/wp:heading -->\n\n<!-- wp:paragraph -->\n<p>This is a privacy policy that explains how an organization uses personal data collected from users when they use their website. The following topics are covered:<\/p>\n<!-- \/wp:paragraph -->\n\n<!-- wp:paragraph -->\n<p>What data do we collect?<\/p>\n<!-- \/wp:paragraph -->\n\n<!-- wp:paragraph -->\n<p>How do we collect your data?<\/p>\n<!-- \/wp:paragraph -->\n\n<!-- wp:paragraph -->\n<p>How will we use your data?<\/p>\n<!-- \/wp:paragraph -->\n\n<!-- wp:paragraph -->\n<p>How do we store your data?<\/p>\n<!-- \/wp:paragraph -->\n\n<!-- wp:paragraph -->\n<p>Marketing<\/p>\n<!-- \/wp:paragraph -->\n\n<!-- wp:paragraph -->\n<p>What are your data protection rights?<\/p>\n<!-- \/wp:paragraph -->\n\n<!-- wp:paragraph -->\n<p>What are cookies?<\/p>\n<!-- \/wp:paragraph -->\n\n<!-- wp:paragraph -->\n<p>How do we use cookies?<\/p>\n<!-- \/wp:paragraph -->\n\n<!-- wp:paragraph -->\n<p>What types of cookies do we use?<\/p>\n<!-- \/wp:paragraph -->\n\n<!-- wp:paragraph -->\n<p>How to manage cookies<\/p>\n<!-- \/wp:paragraph -->\n\n<!-- wp:paragraph -->\n<p>Privacy policies from other websites<\/p>\n<!-- \/wp:paragraph -->\n\n<!-- wp:paragraph -->\n<p>Changes to our privacy policy<\/p>\n<!-- \/wp:paragraph -->\n\n<!-- wp:paragraph -->\n<p>How to contact us<\/p>\n<!-- \/wp:paragraph -->\n\n<!-- wp:paragraph -->\n<p><\/p>\n<!-- \/wp:paragraph -->\n\n<!-- wp:paragraph -->\n<p>The organization collects personal identification information such as name, email address, phone number, etc. Users provide most of the data collected directly, such as when registering online or ordering products or services, filling out a customer survey or providing feedback via email, or when using or viewing the website via browser cookies. The organization may also receive user data indirectly, such as when users voluntarily provide information through their marketing campaigns on social channels.<\/p>\n<!-- \/wp:paragraph -->\n\n<!-- wp:paragraph -->\n<p>The organization uses the collected data to manage orders and accounts, as well as to send emails with special offers about other products and services they think users may like. When processing an order, the organization may send the data to, and use the resulting information from, credit reference agencies to prevent fraudulent purchases.<\/p>\n<!-- \/wp:paragraph -->\n\n<!-- wp:paragraph -->\n<p>The organization stores user data securely in their email management system. Users can choose whether they want their information visible to other members on the platform. The organization will retain personal information for ten years if the user is no longer their customer. After this period, they will delete the data from all their systems and all previous communication.<\/p>\n<!-- \/wp:paragraph -->\n\n<!-- wp:paragraph -->\n<p>The organization may send users information about their products and services via email, which users can opt-out of at any time. Users also have the right to stop the organization from contacting them for marketing purposes. Users can contact the organization via email at office@thepilatesstandard.eu to exercise their data protection rights. These rights include the right to access, correct, delete, limit processing, object to processing, and data portability. Users have one month to receive a response to their request.<\/p>\n<!-- \/wp:paragraph -->\n\n<!-- wp:paragraph -->\n<p>If you want to exercise any of these rights, please contact us via our email: office@thepilatesstandard.eu.<\/p>\n<!-- \/wp:paragraph -->\n\n<!-- wp:heading -->\n<h2>Cookies<\/h2>\n<!-- \/wp:heading -->\n\n<!-- wp:paragraph -->\n<p>What are cookies?<\/p>\n<!-- \/wp:paragraph -->\n\n<!-- wp:paragraph -->\n<p>Cookies are text files placed on your computer to collect standard internet log information and visitor behavior information. When you visit our websites, we may collect information from you automatically through cookies or similar technology. For more information, please visit allaboutcookies.org.<\/p>\n<!-- \/wp:paragraph -->\n\n<!-- wp:paragraph -->\n<p>How do we use cookies?<\/p>\n<!-- \/wp:paragraph -->\n\n<!-- wp:paragraph -->\n<p>Our company uses cookies in various ways to enhance your experience on our website, including:<\/p>\n<!-- \/wp:paragraph -->\n\n<!-- wp:paragraph -->\n<p>Understanding how you use our website<\/p>\n<!-- \/wp:paragraph -->\n\n<!-- wp:paragraph -->\n<p>Sharing materials with you from third-party providers<\/p>\n<!-- \/wp:paragraph -->\n\n<!-- wp:paragraph -->\n<p>Tracking the usage of our website<\/p>\n<!-- \/wp:paragraph -->\n\n<!-- wp:paragraph -->\n<p>What types of cookies do we use?<\/p>\n<!-- \/wp:paragraph -->\n\n<!-- wp:paragraph -->\n<p>There are different types of cookies, but our website uses:<\/p>\n<!-- \/wp:paragraph -->\n\n<!-- wp:paragraph -->\n<p>Functionality - Our company uses these cookies so that we can recognize you on our website and remember your previously chosen settings. These may include the language you prefer and the location you are in. A mixture of first-party and third-party cookies is used.<\/p>\n<!-- \/wp:paragraph -->\n\n<!-- wp:paragraph -->\n<p>Advertising - Our company uses these cookies to collect information about your visit to our website, the content you viewed, the links you followed, and information about your browser, device, and your IP address. Our company sometimes shares certain limited aspects of this data with third parties for advertising purposes. We may also share online data collected through cookies with our advertising partners. This means that when you visit another website, you may be shown ads based on your browsing pattern on our website.<\/p>\n<!-- \/wp:paragraph -->\n\n<!-- wp:paragraph -->\n<p>How do you manage cookies?<\/p>\n<!-- \/wp:paragraph -->\n\n<!-- wp:paragraph -->\n<p>You can set your browser to not accept cookies, and the website above tells you how to remove cookies from your browser. However, in some cases, some of our website features may not function as a result.<\/p>\n<!-- \/wp:paragraph -->\n\n<!-- wp:heading -->\n<h2>Changes to our privacy policy<\/h2>\n<!-- \/wp:heading -->\n\n<!-- wp:paragraph -->\n<p>The Pilates Standard regularly reviews its privacy policy and publishes any updates on this webpage. This privacy policy was last updated on March 10, 2023.<\/p>\n<!-- \/wp:paragraph -->\n\n<!-- wp:paragraph -->\n<p>How to contact us<\/p>\n<!-- \/wp:paragraph -->\n\n<!-- wp:paragraph -->\n<p>If you have any questions about The Pilates Standard's privacy policy, the data we hold on you, or if you want to exercise any of your data protection rights, please do not hesitate to contact us.<\/p>\n<!-- \/wp:paragraph -->","_et_gb_content_width":"","_monsterinsights_skip_tracking":false,"_monsterinsights_sitenote_active":false,"_monsterinsights_sitenote_note":"","_monsterinsights_sitenote_category":0,"footnotes":""},"class_list":["post-3","page","type-page","status-publish","hentry"],"aioseo_notices":[],"publishpress_future_action":{"enabled":false,"date":"2026-04-24 01:43:26","action":"change-status","newStatus":"draft","terms":[],"taxonomy":"","extraData":[]},"publishpress_future_workflow_manual_trigger":{"enabledWorkflows":[]},"_links":{"self":[{"href":"https:\/\/thepilatesstandard.com\/nl\/wp-json\/wp\/v2\/pages\/3","targetHints":{"allow":["GET"]}}],"collection":[{"href":"https:\/\/thepilatesstandard.com\/nl\/wp-json\/wp\/v2\/pages"}],"about":[{"href":"https:\/\/thepilatesstandard.com\/nl\/wp-json\/wp\/v2\/types\/page"}],"author":[{"embeddable":true,"href":"https:\/\/thepilatesstandard.com\/nl\/wp-json\/wp\/v2\/users\/1"}],"replies":[{"embeddable":true,"href":"https:\/\/thepilatesstandard.com\/nl\/wp-json\/wp\/v2\/comments?post=3"}],"version-history":[{"count":9,"href":"https:\/\/thepilatesstandard.com\/nl\/wp-json\/wp\/v2\/pages\/3\/revisions"}],"predecessor-version":[{"id":1532,"href":"https:\/\/thepilatesstandard.com\/nl\/wp-json\/wp\/v2\/pages\/3\/revisions\/1532"}],"wp:attachment":[{"href":"https:\/\/thepilatesstandard.com\/nl\/wp-json\/wp\/v2\/media?parent=3"}],"curies":[{"name":"wp","href":"https:\/\/api.w.org\/{rel}","templated":true}]}}