{"id":3,"date":"2022-09-10T10:37:51","date_gmt":"2022-09-10T10:37:51","guid":{"rendered":"http:\/\/thepilatesstandard.com\/?page_id=3"},"modified":"2025-04-20T13:50:51","modified_gmt":"2025-04-20T11:50:51","slug":"terms-condition-privacy-policy","status":"publish","type":"page","link":"https:\/\/thepilatesstandard.com\/sv\/terms-condition-privacy-policy\/","title":{"rendered":"Villkor och best\u00e4mmelser \/ Integritetspolicy"},"content":{"rendered":"<p>[et_pb_section fb_built=&#8221;1&#8243; admin_label=&#8221;section&#8221; _builder_version=&#8221;4.16&#8243; global_colors_info=&#8221;{}&#8221;][et_pb_row admin_label=&#8221;row&#8221; _builder_version=&#8221;4.16&#8243; background_size=&#8221;initial&#8221; background_position=&#8221;top_left&#8221; background_repeat=&#8221;repeat&#8221; global_colors_info=&#8221;{}&#8221;][et_pb_column type=&#8221;4_4&#8243; _builder_version=&#8221;4.16&#8243; custom_padding=&#8221;|||&#8221; global_colors_info=&#8221;{}&#8221; custom_padding__hover=&#8221;|||&#8221;][et_pb_text admin_label=&#8221;Text&#8221; _builder_version=&#8221;4.27.4&#8243; background_size=&#8221;initial&#8221; background_position=&#8221;top_left&#8221; background_repeat=&#8221;repeat&#8221; hover_enabled=&#8221;0&#8243; global_colors_info=&#8221;{}&#8221; sticky_enabled=&#8221;0&#8243;]<\/p>\n<h1>Bokningsvillkor - The Pilates Standard International AB<\/h1>\n<p><b>\u00a71 Allm\u00e4nna villkor<\/b><\/p>\n<ol>\n<li><span style=\"font-size: 8pt;\">The Pilates Standard International AB (nedan \"TPS\") erbjuder l\u00e4rarutbildningsprogram och fortbildning (nedan \"Program\") i The Pilates Standards namn. Huvudkontoret \u00e4r bel\u00e4get i Helsingborg, Sverige.<\/span><\/li>\n<li><span style=\"font-size: 8pt;\">N\u00e4r en betalning g\u00f6rs f\u00f6r ett Program godk\u00e4nner deltagarna automatiskt dessa Allm\u00e4nna villkor.<\/span><\/li>\n<li><span style=\"font-size: 8pt;\">TPS f\u00f6rbeh\u00e5ller sig r\u00e4tten att st\u00e4lla in ett program upp till en vecka f\u00f6re programmets startdatum, deltagaren f\u00e5r d\u00e5 full \u00e5terbetalning av sina inbetalningar.<\/span><\/li>\n<\/ol>\n<p>&nbsp;<\/p>\n<p><b>\u00a72 Avbest\u00e4llningar<\/b><\/p>\n<ol>\n<li><span style=\"font-size: 8pt;\">Om en skriftlig avbokning f\u00f6r ett Comprehensive\/Matwork-program g\u00f6rs en vecka f\u00f6re programstart debiteras en administrationsavgift p\u00e5 100 EUR.<\/span><\/li>\n<li><span style=\"font-size: 8pt;\">Om en skriftlig avbokning f\u00f6r ett Comprehensive\/Matwork-program g\u00f6rs mindre \u00e4n en vecka f\u00f6re programstart debiteras 25% av den totala avgiften.<\/span><\/li>\n<li><span style=\"font-size: 8pt;\">Om en skriftlig avbokning f\u00f6r en workshop g\u00f6rs en vecka f\u00f6re workshopens b\u00f6rjan kommer full \u00e5terbetalning att g\u00f6ras.<\/span><\/li>\n<li><span style=\"font-size: 8pt;\">Om en skriftlig avbokning av en workshop g\u00f6rs mindre \u00e4n en vecka f\u00f6re workshopens start debiteras 50% av den totala avgiften.<\/span><\/li>\n<li><span style=\"font-size: 8pt;\">Ingen \u00e5terbetalning sker f\u00f6r avbokningar som inkommer efter det att programmet har p\u00e5b\u00f6rjats.<\/span><\/li>\n<li><span style=\"font-size: 8pt;\">Ombokning till ett liknande TPS-program kan g\u00f6ras utan kostnad innan programmet startar.<\/span><\/li>\n<li><span style=\"font-size: 8pt;\">Om deltagaren inte kan delta p\u00e5 grund av sjukdom (l\u00e4karintyg kr\u00e4vs) har deltagaren m\u00f6jlighet att genomf\u00f6ra utbildningen i ett annat program (inom 12 m\u00e5nader).<\/span><\/li>\n<\/ol>\n<p>&nbsp;<\/p>\n<p><b>\u00a73 Intyg om slutf\u00f6rt arbete<\/b><\/p>\n<ol>\n<li><span style=\"font-size: 8pt;\">Efter godk\u00e4nt slutprov erh\u00e5lls ett The Pilates Standard Certificate.<\/span><\/li>\n<li><span style=\"font-size: 8pt;\">Certifikatet m\u00e5ste f\u00f6rnyas vartannat \u00e5r f\u00f6r att vara giltigt (se www.thepilatesstandard.eu f\u00f6r mer information).<\/span><\/li>\n<li><span style=\"font-size: 8pt;\">Ett slutprov och ett omprov ing\u00e5r i programavgiften, f\u00f6r det 3:e provet debiteras 100EUR (max 3 prov kan g\u00f6ras per program)<\/span><\/li>\n<li><span style=\"font-size: 8pt;\">Den maximala tidsgr\u00e4nsen f\u00f6r att slutf\u00f6ra det omfattande programmet \u00e4r satt till 3 \u00e5r. Om deltagarna inte \u00e4r klara inom denna tid m\u00e5ste deltagaren starta om programmet (50% rabatt p\u00e5 det andra programmet) f\u00f6r att kunna bli certifierad.<\/span><\/li>\n<li><span style=\"font-size: 8pt;\">Certifierade Matwork- eller Comprehensive-instrukt\u00f6rer f\u00e5r undervisa kunder i Classical Pilates i The Pilates Standards namn p\u00e5 sin certifierade niv\u00e5.<\/span><\/li>\n<li><span style=\"font-size: 8pt;\">Certifierade instrukt\u00f6rer \u00e4r<span>\u00a0<\/span><\/span><b style=\"font-size: 8pt;\">inte ber\u00e4ttigad<\/b><span style=\"font-size: 8pt;\"><span>\u00a0<\/span>att l\u00e4ra andra att bli l\u00e4rarutbildare.<\/span><\/li>\n<\/ol>\n<p>&nbsp;<\/p>\n<p><b>\u00a74 H\u00e4lsostatus etc.<\/b><\/p>\n<ol>\n<li><span style=\"font-size: 8pt;\">Deltagaren bekr\u00e4ftar att han\/hon har tillr\u00e4cklig mental och fysisk h\u00e4lsa f\u00f6r att delta i detta anstr\u00e4ngande program.<\/span><\/li>\n<li><span style=\"font-size: 8pt;\">Deltagaren deltar i programmet p\u00e5 egen risk och samtycker till att kollektivt befria alla TPS-anst\u00e4llda fr\u00e5n allt ansvar.<\/span><\/li>\n<\/ol>\n<p>&nbsp;<\/p>\n<p><b>5 \u00a7 Material<\/b><\/p>\n<ol>\n<li><span style=\"font-size: 8pt;\">Copyright \u00a9 The Pilates Standard International AB, logotyp, varum\u00e4rken etc. tillh\u00f6r TPS<\/span><\/li>\n<li><span style=\"font-size: 8pt;\">Kopiering och\/eller reproduktion av manualen f\u00f6r THE PILATES STANDARD \u00e4r str\u00e4ngt f\u00f6rbjuden. Inneh\u00e5ll, text och bilder \u00e4r egendom som tillh\u00f6r THE PILATES STANDARD International AB.<\/span><\/li>\n<li><span style=\"font-size: 8pt;\">Instrukt\u00f6rer med ett giltigt certifikat har r\u00e4tt att anv\u00e4nda TPS-logotypen p\u00e5 sin webbplats.<\/span><\/li>\n<\/ol>\n<header class=\"entry-header\">\n<h1 class=\"title-post entry-title\">Integritetspolicy<\/h1>\n<\/header>\n<div class=\"entry-content\">\n<div id=\"pl-24779\" class=\"panel-layout\">\n<div id=\"pg-24779-0\" class=\"panel-grid panel-has-style\">\n<div class=\"panel-row-style panel-row-style-for-24779-0\" data-overlay=\"true\">\n<div id=\"pgc-24779-0-0\" class=\"panel-grid-cell\">\n<div id=\"panel-24779-0-0-0\" class=\"so-panel widget widget_sow-editor panel-first-child\" data-index=\"0\">\n<div class=\"so-widget-sow-editor so-widget-sow-editor-base\">\n<div class=\"siteorigin-widget-tinymce textwidget\">\n<p>Denna integritetspolicy reglerar det s\u00e4tt p\u00e5 vilket\u00a0<span>The Pilates Standard International AB<\/span> samlar in, anv\u00e4nder, underh\u00e5ller och avsl\u00f6jar information som samlas in fr\u00e5n anv\u00e4ndare (var och en en \"anv\u00e4ndare\") p\u00e5 webbplatsen https:\/\/thepilatesstandard.com (\"webbplats\"). Denna integritetspolicy g\u00e4ller f\u00f6r webbplatsen och alla produkter och tj\u00e4nster som erbjuds av The Pilates Standard International AB.<\/p>\n<p><strong>Personlig identifieringsinformation<\/strong><\/p>\n<p>Vi kan samla in personlig identifieringsinformation fr\u00e5n anv\u00e4ndare p\u00e5 olika s\u00e4tt, inklusive, men inte begr\u00e4nsat till, n\u00e4r anv\u00e4ndare bes\u00f6ker v\u00e5r webbplats, registrerar sig p\u00e5 webbplatsen, g\u00f6r en best\u00e4llning, fyller i ett formul\u00e4r och i samband med andra aktiviteter, tj\u00e4nster, funktioner eller resurser som vi g\u00f6r tillg\u00e4ngliga p\u00e5 v\u00e5r webbplats. Anv\u00e4ndarna kan i f\u00f6rekommande fall bli ombedda att uppge namn, e-postadress, postadress och telefonnummer. Anv\u00e4ndare kan dock bes\u00f6ka v\u00e5r webbplats anonymt. Vi samlar in personlig identifieringsinformation fr\u00e5n anv\u00e4ndare endast om de frivilligt l\u00e4mnar s\u00e5dan information till oss. Anv\u00e4ndare kan alltid v\u00e4gra att l\u00e4mna ut personlig identifieringsinformation, f\u00f6rutom att det kan hindra dem fr\u00e5n att delta i vissa aktiviteter relaterade till webbplatsen.<\/p>\n<p><strong>Icke-personlig identifieringsinformation<\/strong><\/p>\n<p>Vi kan samla in icke-personlig identifieringsinformation om anv\u00e4ndare n\u00e4r de interagerar med v\u00e5r webbplats. Icke-personlig identifieringsinformation kan inkludera webbl\u00e4sarens namn, typ av dator och teknisk information om anv\u00e4ndarnas s\u00e4tt att ansluta till v\u00e5r webbplats, s\u00e5som operativsystem och de Internetleverant\u00f6rer som anv\u00e4nds och annan liknande information.<\/p>\n<p><strong>Cookies f\u00f6r webbl\u00e4sare<\/strong><\/p>\n<p>V\u00e5r webbplats kan anv\u00e4nda \"cookies\" f\u00f6r att f\u00f6rb\u00e4ttra anv\u00e4ndarupplevelsen. Anv\u00e4ndarens webbl\u00e4sare placerar cookies p\u00e5 h\u00e5rddisken f\u00f6r registrerings\u00e4ndam\u00e5l och ibland f\u00f6r att sp\u00e5ra information om dem. Anv\u00e4ndaren kan v\u00e4lja att st\u00e4lla in sin webbl\u00e4sare s\u00e5 att den inte till\u00e5ter cookies eller s\u00e5 att den varnar n\u00e4r cookies skickas. Om de g\u00f6r det, notera att vissa delar av webbplatsen kanske inte fungerar korrekt.<\/p>\n<p><strong>Hur vi anv\u00e4nder insamlad information<\/strong><\/p>\n<p>The Pilates Standard International AB kan samla in och anv\u00e4nda anv\u00e4ndarnas personuppgifter f\u00f6r f\u00f6ljande \u00e4ndam\u00e5l:<br \/>\n- F\u00f6r att driva och underh\u00e5lla v\u00e5r webbplats<br \/>\nVi kan beh\u00f6va din information f\u00f6r att visa inneh\u00e5llet p\u00e5 webbplatsen p\u00e5 r\u00e4tt s\u00e4tt.<br \/>\n- F\u00f6r att f\u00f6rb\u00e4ttra kundservicen<br \/>\nDen information du l\u00e4mnar hj\u00e4lper oss att svara p\u00e5 dina kundtj\u00e4nstf\u00f6rfr\u00e5gningar och supportbehov p\u00e5 ett mer effektivt s\u00e4tt.<br \/>\n- F\u00f6r att anpassa anv\u00e4ndarupplevelsen<br \/>\nVi kan anv\u00e4nda information i aggregerad form f\u00f6r att f\u00f6rst\u00e5 hur v\u00e5ra anv\u00e4ndare som grupp anv\u00e4nder de tj\u00e4nster och resurser som tillhandah\u00e5lls p\u00e5 v\u00e5r webbplats.<br \/>\n- F\u00f6r att f\u00f6rb\u00e4ttra v\u00e5r webbplats<br \/>\nVi kan anv\u00e4nda den feedback du ger oss f\u00f6r att f\u00f6rb\u00e4ttra v\u00e5ra produkter och tj\u00e4nster.<br \/>\n- F\u00f6r att hantera betalningar<br \/>\nVi kan anv\u00e4nda den information som anv\u00e4ndare l\u00e4mnar om sig sj\u00e4lva n\u00e4r de g\u00f6r en best\u00e4llning endast f\u00f6r att tillhandah\u00e5lla tj\u00e4nster f\u00f6r den best\u00e4llningen. Vi delar inte denna information med utomst\u00e5ende parter utom i den utstr\u00e4ckning som kr\u00e4vs f\u00f6r att tillhandah\u00e5lla tj\u00e4nsten.<br \/>\n- F\u00f6r att genomf\u00f6ra en kampanj, t\u00e4vling, unders\u00f6kning eller annan funktion p\u00e5 webbplatsen<br \/>\nF\u00f6r att skicka information till Anv\u00e4ndare som de samtyckt till att f\u00e5 om \u00e4mnen som vi tror kan vara av intresse f\u00f6r dem.<br \/>\n- F\u00f6r att skicka periodiska e-postmeddelanden<br \/>\nVi kan komma att anv\u00e4nda e-postadressen f\u00f6r att skicka information och uppdateringar till anv\u00e4ndaren om dennes best\u00e4llning. Den kan ocks\u00e5 anv\u00e4ndas f\u00f6r att svara p\u00e5 deras f\u00f6rfr\u00e5gningar, fr\u00e5gor och\/eller andra f\u00f6rfr\u00e5gningar.<\/p>\n<p><strong>Hur vi skyddar din information<\/strong><\/p>\n<p>Vi till\u00e4mpar l\u00e4mpliga metoder f\u00f6r insamling, lagring och bearbetning av data samt s\u00e4kerhets\u00e5tg\u00e4rder f\u00f6r att skydda mot obeh\u00f6rig \u00e5tkomst, \u00e4ndring, utl\u00e4mning eller f\u00f6rst\u00f6relse av dina personuppgifter, ditt anv\u00e4ndarnamn, l\u00f6senord, transaktionsinformation och data som lagras p\u00e5 v\u00e5r webbplats.<\/p>\n<p><strong>Dela med dig av dina personuppgifter<\/strong><\/p>\n<p>Vi s\u00e4ljer, byter eller hyr inte ut anv\u00e4ndarnas personliga identifieringsinformation till andra. Vi kan dela generisk aggregerad demografisk information som inte \u00e4r kopplad till n\u00e5gon personlig identifieringsinformation om bes\u00f6kare och anv\u00e4ndare med v\u00e5ra aff\u00e4rspartners, betrodda dotterbolag och annons\u00f6rer f\u00f6r de syften som beskrivs ovan. Vi kan anv\u00e4nda tredje parts tj\u00e4nsteleverant\u00f6rer f\u00f6r att hj\u00e4lpa oss att driva v\u00e5r verksamhet och webbplatsen eller administrera aktiviteter f\u00f6r v\u00e5r r\u00e4kning, till exempel att skicka ut nyhetsbrev eller enk\u00e4ter. Vi kan dela din information med dessa tredje parter f\u00f6r dessa begr\u00e4nsade syften, f\u00f6rutsatt att du har gett oss ditt tillst\u00e5nd.<\/p>\n<p><strong>Elektroniska nyhetsbrev<\/strong><\/p>\n<p>Om anv\u00e4ndaren v\u00e4ljer att anm\u00e4la sig till v\u00e5r e-postlista kommer de att f\u00e5 e-postmeddelanden som kan inneh\u00e5lla f\u00f6retagsnyheter, uppdateringar, relaterad produkt- eller serviceinformation etc. Vi kan anv\u00e4nda tredje parts tj\u00e4nsteleverant\u00f6rer f\u00f6r att hj\u00e4lpa oss att driva v\u00e5r verksamhet och webbplatsen eller administrera aktiviteter f\u00f6r v\u00e5r r\u00e4kning, till exempel att skicka ut nyhetsbrev eller enk\u00e4ter. Vi kan dela din information med dessa tredje parter f\u00f6r dessa begr\u00e4nsade syften, f\u00f6rutsatt att du har gett oss ditt tillst\u00e5nd.<\/p>\n<p><strong>Tredje parts webbplatser<\/strong><\/p>\n<p>Anv\u00e4ndare kan hitta reklam eller annat inneh\u00e5ll p\u00e5 v\u00e5r webbplats som l\u00e4nkar till webbplatser och tj\u00e4nster som tillh\u00f6r v\u00e5ra partners, leverant\u00f6rer, annons\u00f6rer, sponsorer, licensgivare och andra tredje parter. Vi kontrollerar inte inneh\u00e5llet eller l\u00e4nkarna som visas p\u00e5 dessa webbplatser och ansvarar inte f\u00f6r de metoder som anv\u00e4nds av webbplatser som \u00e4r l\u00e4nkade till eller fr\u00e5n v\u00e5r webbplats. Dessutom kan dessa webbplatser eller tj\u00e4nster, inklusive deras inneh\u00e5ll och l\u00e4nkar, vara i st\u00e4ndig f\u00f6r\u00e4ndring. Dessa webbplatser och tj\u00e4nster kan ha sina egna sekretesspolicyer och kundtj\u00e4nstpolicyer. Surfning och interaktion p\u00e5 andra webbplatser, inklusive webbplatser som har en l\u00e4nk till v\u00e5r webbplats, omfattas av den webbplatsens egna villkor och policyer.<\/p>\n<p><strong>\u00c4ndringar av denna integritetspolicy<\/strong><\/p>\n<p>The Pilates Standard International AB har r\u00e4tt att uppdatera denna integritetspolicy n\u00e4r som helst. N\u00e4r vi g\u00f6r det kommer vi att l\u00e4gga upp ett meddelande p\u00e5 huvudsidan p\u00e5 v\u00e5r webbplats. Vi uppmuntrar anv\u00e4ndare att ofta kontrollera denna sida f\u00f6r eventuella \u00e4ndringar f\u00f6r att h\u00e5lla sig informerad om hur vi hj\u00e4lper till att skydda den personliga information vi samlar in. Du bekr\u00e4ftar och samtycker till att det \u00e4r ditt ansvar att regelbundet l\u00e4sa igenom denna integritetspolicy och ta del av eventuella \u00e4ndringar.<\/p>\n<p><strong>Ditt godk\u00e4nnande av dessa villkor<\/strong><\/p>\n<p>Genom att anv\u00e4nda denna webbplats godk\u00e4nner du denna policy. Om du inte samtycker till denna policy, v\u00e4nligen anv\u00e4nd inte v\u00e5r webbplats. Om du forts\u00e4tter att anv\u00e4nda webbplatsen efter att \u00e4ndringar i denna policy har publicerats anses du ha godk\u00e4nt dessa \u00e4ndringar. Denna integritetspolicy skapades med hj\u00e4lp av www.PrivacyPolicies.com generator.<\/p>\n<p><strong>Kontakta oss<\/strong><\/p>\n<p>Om du har n\u00e5gra fr\u00e5gor om denna integritetspolicy, rutinerna p\u00e5 denna webbplats eller dina kontakter med denna webbplats, v\u00e4nligen kontakta oss genom att anv\u00e4nda v\u00e5rt kontaktformul\u00e4r p\u00e5 kontaktsidan.<\/p>\n<\/div>\n<\/div>\n<\/div>\n<\/div>\n<\/div>\n<\/div>\n<\/div>\n<\/div>\n<p style=\"font-size: 8pt;\"><span style=\"font-size: 8pt;\">\u00a0<\/span><\/p>\n<p>[\/et_pb_text][\/et_pb_column][\/et_pb_row][\/et_pb_section]<\/p>","protected":false},"excerpt":{"rendered":"<p>Booking Terms and Conditions &#8211; The Pilates Standard International AB \u00a71 General conditions The Pilates Standard International AB (hereinafter \u201dTPS\u201d) is offering Teacher training programs and Continuing education (hereinafter \u201dProgram\u201d) in the name of The Pilates Standard. The head office is located in Helsingborg, Sweden. When a payment is made for a Program the participants [&hellip;]<\/p>","protected":false},"author":1,"featured_media":0,"parent":0,"menu_order":0,"comment_status":"closed","ping_status":"closed","template":"","meta":{"_et_pb_use_builder":"on","_et_pb_old_content":"<!-- wp:heading -->\n<h2>Who we are<\/h2>\n<!-- \/wp:heading -->\n\n<!-- wp:paragraph -->\n<p>Our website address is: https:\/\/thepilatesstandard.com.<\/p>\n<!-- \/wp:paragraph -->\n\n<!-- wp:heading -->\n<h2>Content<\/h2>\n<!-- \/wp:heading -->\n\n<!-- wp:paragraph -->\n<p>This is a privacy policy that explains how an organization uses personal data collected from users when they use their website. The following topics are covered:<\/p>\n<!-- \/wp:paragraph -->\n\n<!-- wp:paragraph -->\n<p>What data do we collect?<\/p>\n<!-- \/wp:paragraph -->\n\n<!-- wp:paragraph -->\n<p>How do we collect your data?<\/p>\n<!-- \/wp:paragraph -->\n\n<!-- wp:paragraph -->\n<p>How will we use your data?<\/p>\n<!-- \/wp:paragraph -->\n\n<!-- wp:paragraph -->\n<p>How do we store your data?<\/p>\n<!-- \/wp:paragraph -->\n\n<!-- wp:paragraph -->\n<p>Marketing<\/p>\n<!-- \/wp:paragraph -->\n\n<!-- wp:paragraph -->\n<p>What are your data protection rights?<\/p>\n<!-- \/wp:paragraph -->\n\n<!-- wp:paragraph -->\n<p>What are cookies?<\/p>\n<!-- \/wp:paragraph -->\n\n<!-- wp:paragraph -->\n<p>How do we use cookies?<\/p>\n<!-- \/wp:paragraph -->\n\n<!-- wp:paragraph -->\n<p>What types of cookies do we use?<\/p>\n<!-- \/wp:paragraph -->\n\n<!-- wp:paragraph -->\n<p>How to manage cookies<\/p>\n<!-- \/wp:paragraph -->\n\n<!-- wp:paragraph -->\n<p>Privacy policies from other websites<\/p>\n<!-- \/wp:paragraph -->\n\n<!-- wp:paragraph -->\n<p>Changes to our privacy policy<\/p>\n<!-- \/wp:paragraph -->\n\n<!-- wp:paragraph -->\n<p>How to contact us<\/p>\n<!-- \/wp:paragraph -->\n\n<!-- wp:paragraph -->\n<p><\/p>\n<!-- \/wp:paragraph -->\n\n<!-- wp:paragraph -->\n<p>The organization collects personal identification information such as name, email address, phone number, etc. Users provide most of the data collected directly, such as when registering online or ordering products or services, filling out a customer survey or providing feedback via email, or when using or viewing the website via browser cookies. The organization may also receive user data indirectly, such as when users voluntarily provide information through their marketing campaigns on social channels.<\/p>\n<!-- \/wp:paragraph -->\n\n<!-- wp:paragraph -->\n<p>The organization uses the collected data to manage orders and accounts, as well as to send emails with special offers about other products and services they think users may like. When processing an order, the organization may send the data to, and use the resulting information from, credit reference agencies to prevent fraudulent purchases.<\/p>\n<!-- \/wp:paragraph -->\n\n<!-- wp:paragraph -->\n<p>The organization stores user data securely in their email management system. Users can choose whether they want their information visible to other members on the platform. The organization will retain personal information for ten years if the user is no longer their customer. After this period, they will delete the data from all their systems and all previous communication.<\/p>\n<!-- \/wp:paragraph -->\n\n<!-- wp:paragraph -->\n<p>The organization may send users information about their products and services via email, which users can opt-out of at any time. Users also have the right to stop the organization from contacting them for marketing purposes. Users can contact the organization via email at office@thepilatesstandard.eu to exercise their data protection rights. These rights include the right to access, correct, delete, limit processing, object to processing, and data portability. Users have one month to receive a response to their request.<\/p>\n<!-- \/wp:paragraph -->\n\n<!-- wp:paragraph -->\n<p>If you want to exercise any of these rights, please contact us via our email: office@thepilatesstandard.eu.<\/p>\n<!-- \/wp:paragraph -->\n\n<!-- wp:heading -->\n<h2>Cookies<\/h2>\n<!-- \/wp:heading -->\n\n<!-- wp:paragraph -->\n<p>What are cookies?<\/p>\n<!-- \/wp:paragraph -->\n\n<!-- wp:paragraph -->\n<p>Cookies are text files placed on your computer to collect standard internet log information and visitor behavior information. When you visit our websites, we may collect information from you automatically through cookies or similar technology. For more information, please visit allaboutcookies.org.<\/p>\n<!-- \/wp:paragraph -->\n\n<!-- wp:paragraph -->\n<p>How do we use cookies?<\/p>\n<!-- \/wp:paragraph -->\n\n<!-- wp:paragraph -->\n<p>Our company uses cookies in various ways to enhance your experience on our website, including:<\/p>\n<!-- \/wp:paragraph -->\n\n<!-- wp:paragraph -->\n<p>Understanding how you use our website<\/p>\n<!-- \/wp:paragraph -->\n\n<!-- wp:paragraph -->\n<p>Sharing materials with you from third-party providers<\/p>\n<!-- \/wp:paragraph -->\n\n<!-- wp:paragraph -->\n<p>Tracking the usage of our website<\/p>\n<!-- \/wp:paragraph -->\n\n<!-- wp:paragraph -->\n<p>What types of cookies do we use?<\/p>\n<!-- \/wp:paragraph -->\n\n<!-- wp:paragraph -->\n<p>There are different types of cookies, but our website uses:<\/p>\n<!-- \/wp:paragraph -->\n\n<!-- wp:paragraph -->\n<p>Functionality - Our company uses these cookies so that we can recognize you on our website and remember your previously chosen settings. These may include the language you prefer and the location you are in. A mixture of first-party and third-party cookies is used.<\/p>\n<!-- \/wp:paragraph -->\n\n<!-- wp:paragraph -->\n<p>Advertising - Our company uses these cookies to collect information about your visit to our website, the content you viewed, the links you followed, and information about your browser, device, and your IP address. Our company sometimes shares certain limited aspects of this data with third parties for advertising purposes. We may also share online data collected through cookies with our advertising partners. This means that when you visit another website, you may be shown ads based on your browsing pattern on our website.<\/p>\n<!-- \/wp:paragraph -->\n\n<!-- wp:paragraph -->\n<p>How do you manage cookies?<\/p>\n<!-- \/wp:paragraph -->\n\n<!-- wp:paragraph -->\n<p>You can set your browser to not accept cookies, and the website above tells you how to remove cookies from your browser. However, in some cases, some of our website features may not function as a result.<\/p>\n<!-- \/wp:paragraph -->\n\n<!-- wp:heading -->\n<h2>Changes to our privacy policy<\/h2>\n<!-- \/wp:heading -->\n\n<!-- wp:paragraph -->\n<p>The Pilates Standard regularly reviews its privacy policy and publishes any updates on this webpage. This privacy policy was last updated on March 10, 2023.<\/p>\n<!-- \/wp:paragraph -->\n\n<!-- wp:paragraph -->\n<p>How to contact us<\/p>\n<!-- \/wp:paragraph -->\n\n<!-- wp:paragraph -->\n<p>If you have any questions about The Pilates Standard's privacy policy, the data we hold on you, or if you want to exercise any of your data protection rights, please do not hesitate to contact us.<\/p>\n<!-- \/wp:paragraph -->","_et_gb_content_width":"","_monsterinsights_skip_tracking":false,"_monsterinsights_sitenote_active":false,"_monsterinsights_sitenote_note":"","_monsterinsights_sitenote_category":0,"footnotes":""},"class_list":["post-3","page","type-page","status-publish","hentry"],"aioseo_notices":[],"publishpress_future_action":{"enabled":false,"date":"2026-04-24 02:42:55","action":"change-status","newStatus":"draft","terms":[],"taxonomy":"","extraData":[]},"publishpress_future_workflow_manual_trigger":{"enabledWorkflows":[]},"_links":{"self":[{"href":"https:\/\/thepilatesstandard.com\/sv\/wp-json\/wp\/v2\/pages\/3","targetHints":{"allow":["GET"]}}],"collection":[{"href":"https:\/\/thepilatesstandard.com\/sv\/wp-json\/wp\/v2\/pages"}],"about":[{"href":"https:\/\/thepilatesstandard.com\/sv\/wp-json\/wp\/v2\/types\/page"}],"author":[{"embeddable":true,"href":"https:\/\/thepilatesstandard.com\/sv\/wp-json\/wp\/v2\/users\/1"}],"replies":[{"embeddable":true,"href":"https:\/\/thepilatesstandard.com\/sv\/wp-json\/wp\/v2\/comments?post=3"}],"version-history":[{"count":9,"href":"https:\/\/thepilatesstandard.com\/sv\/wp-json\/wp\/v2\/pages\/3\/revisions"}],"predecessor-version":[{"id":1532,"href":"https:\/\/thepilatesstandard.com\/sv\/wp-json\/wp\/v2\/pages\/3\/revisions\/1532"}],"wp:attachment":[{"href":"https:\/\/thepilatesstandard.com\/sv\/wp-json\/wp\/v2\/media?parent=3"}],"curies":[{"name":"wp","href":"https:\/\/api.w.org\/{rel}","templated":true}]}}